{"id":1191,"date":"2017-02-23T14:16:37","date_gmt":"2017-02-23T14:16:37","guid":{"rendered":"http:\/\/monika-hoegen.de\/?page_id=1191"},"modified":"2017-02-23T14:27:50","modified_gmt":"2017-02-23T14:27:50","slug":"und-mehr","status":"publish","type":"page","link":"https:\/\/www.monika-hoegen.com\/de\/und-mehr\/","title":{"rendered":"Und mehr \u2026"},"content":{"rendered":"<div  class='flex_column av-av_one_full-2a9015ff38129c418a3f2eafba3e9512 av_one_full  avia-builder-el-0  avia-builder-el-no-sibling  first flex_column_div  '     ><section  class='av_textblock_section av-av_textblock-0366cc7376be6c9e82a3e9cc8987b64f '   itemscope=\"itemscope\" itemtype=\"https:\/\/schema.org\/CreativeWork\" ><div class='avia_textblock'  itemprop=\"text\" ><h1 style=\"text-align: center;\">Und mehr \u2026<\/h1>\n<\/div><\/section><br \/>\n\n<style type=\"text\/css\" data-created_by=\"avia_inline_auto\" id=\"style-css-av-av_hr-faa7ead2f14825157af9e53225df8858\">\n#top .hr.av-av_hr-faa7ead2f14825157af9e53225df8858{\nmargin-top:5px;\nmargin-bottom:5px;\n}\n.hr.av-av_hr-faa7ead2f14825157af9e53225df8858 .hr-inner{\nwidth:50px;\n}\n<\/style>\n<div  class='hr av-av_hr-faa7ead2f14825157af9e53225df8858 hr-custom  avia-builder-el-2  el_after_av_textblock  el_before_av_blog  hr-center hr-icon-no'><span class='hr-inner inner-border-av-border-none'><span class=\"hr-inner-style\"><\/span><\/span><\/div><br \/>\n<div  class='av-alb-blogposts template-blog  av-blog-meta-author-disabled av-blog-meta-comments-disabled av-blog-meta-category-disabled av-blog-meta-html-info-disabled av-blog-meta-tag-disabled '  itemscope=\"itemscope\" itemtype=\"https:\/\/schema.org\/Blog\" ><article class=\"post-entry post-entry-type-standard post-entry-1123 post-loop-1 post-parity-odd post-entry-last single-big with-slider post-1123 post type-post status-publish format-standard has-post-thumbnail hentry category-blog category-und-mehr\"  itemscope=\"itemscope\" itemtype=\"https:\/\/schema.org\/BlogPosting\" ><div class=\"big-preview single-big\"  itemprop=\"image\" itemscope=\"itemscope\" itemtype=\"https:\/\/schema.org\/ImageObject\" ><a href=\"https:\/\/www.monika-hoegen.com\/de\/willkommen-in-meinem-blog\/\"  title=\"Foto-Und-mehr\" ><img loading=\"lazy\" decoding=\"async\" width=\"752\" height=\"321\" src=\"https:\/\/www.monika-hoegen.com\/de\/wp-content\/uploads\/2017\/02\/Foto-Und-mehr-752x321.jpg\" class=\"wp-image-1124 avia-img-lazy-loading-1124 attachment-entry_with_sidebar size-entry_with_sidebar wp-post-image\" alt=\"\" \/><\/a><\/div><div class=\"blog-meta\"><\/div><div class='entry-content-wrapper clearfix standard-content'><header class=\"entry-content-header\"><h2 class='post-title entry-title '  itemprop=\"headline\" ><a href=\"https:\/\/www.monika-hoegen.com\/de\/willkommen-in-meinem-blog\/\" rel=\"bookmark\" title=\"Permanenter Link zu: Willkommen in meinem Blog\">Willkommen in meinem Blog<span class=\"post-format-icon minor-meta\"><\/span><\/a><\/h2><span class=\"post-meta-infos\"><time class=\"date-container minor-meta updated\"  itemprop=\"datePublished\" datetime=\"2017-02-20T08:35:35+00:00\" >20. Februar 2017<\/time><\/span><\/header><div class=\"entry-content\"  itemprop=\"text\" ><p>Hier schreibe ich informiert, versiert und meinungsfreudig zu Aktuellem und Hintergr\u00fcndigem aus den Themenfeldern Globales, Entwicklung, Nachhaltigkeit und mehr. Sie erfahren allerlei \u00fcber und aus Br\u00fcssel, darunter manches, was keinen Platz in den \u00fcblichen Nachrichten aus der EU-Welt gefunden hat \u2013 und dennoch Aufmerksamkeit verdient. Ich werfe kurze Schlaglichter auf besondere, gerne auch skurrile, Ereignisse [&hellip;]<\/p>\n<div class=\"read-more-link\"><a href=\"https:\/\/www.monika-hoegen.com\/de\/willkommen-in-meinem-blog\/\" class=\"more-link\">Weiterlesen<span class=\"more-link-arrow\"><\/span><\/a><\/div>\n<\/div><footer class=\"entry-footer\"><\/footer><div class='post_delimiter'><\/div><\/div><div class=\"post_author_timeline\"><\/div><span class='hidden'>\n\t\t\t\t<span class='av-structured-data'  itemprop=\"image\" itemscope=\"itemscope\" itemtype=\"https:\/\/schema.org\/ImageObject\" >\n\t\t\t\t\t\t<span itemprop='url'>https:\/\/www.monika-hoegen.com\/de\/wp-content\/uploads\/2017\/02\/Foto-Und-mehr.jpg<\/span>\n\t\t\t\t\t\t<span itemprop='height'>500<\/span>\n\t\t\t\t\t\t<span itemprop='width'>752<\/span>\n\t\t\t\t<\/span>\n\t\t\t\t<span class='av-structured-data'  itemprop=\"publisher\" itemtype=\"https:\/\/schema.org\/Organization\" itemscope=\"itemscope\" >\n\t\t\t\t\t\t<span itemprop='name'>jK-738bSH8<\/span>\n\t\t\t\t\t\t<span itemprop='logo' itemscope itemtype='https:\/\/schema.org\/ImageObject'>\n\t\t\t\t\t\t\t<span itemprop='url'>https:\/\/www.monika-hoegen.com\/de\/wp-content\/uploads\/2015\/01\/mhLogoWeb.png<\/span>\n\t\t\t\t\t\t<\/span>\n\t\t\t\t<\/span><span class='av-structured-data'  itemprop=\"author\" itemscope=\"itemscope\" itemtype=\"https:\/\/schema.org\/Person\" ><span itemprop='name'>jK-738bSH8<\/span><\/span><span class='av-structured-data'  itemprop=\"datePublished\" datetime=\"2017-02-20T08:35:35+00:00\" >2017-02-20 08:35:35<\/span><span class='av-structured-data'  itemprop=\"dateModified\" itemtype=\"https:\/\/schema.org\/dateModified\" >2017-02-22 13:25:27<\/span><span class='av-structured-data'  itemprop=\"mainEntityOfPage\" itemtype=\"https:\/\/schema.org\/mainEntityOfPage\" ><span itemprop='name'>Willkommen in meinem Blog<\/span><\/span><\/span><\/article><div class='single-big'><\/div><\/div><\/p><\/div>\n","protected":false},"excerpt":{"rendered":"","protected":false},"author":1,"featured_media":0,"parent":0,"menu_order":0,"comment_status":"closed","ping_status":"closed","template":"","meta":{"footnotes":""},"class_list":["post-1191","page","type-page","status-publish","hentry"],"_links":{"self":[{"href":"https:\/\/www.monika-hoegen.com\/de\/wp-json\/wp\/v2\/pages\/1191","targetHints":{"allow":["GET"]}}],"collection":[{"href":"https:\/\/www.monika-hoegen.com\/de\/wp-json\/wp\/v2\/pages"}],"about":[{"href":"https:\/\/www.monika-hoegen.com\/de\/wp-json\/wp\/v2\/types\/page"}],"author":[{"embeddable":true,"href":"https:\/\/www.monika-hoegen.com\/de\/wp-json\/wp\/v2\/users\/1"}],"replies":[{"embeddable":true,"href":"https:\/\/www.monika-hoegen.com\/de\/wp-json\/wp\/v2\/comments?post=1191"}],"version-history":[{"count":1,"href":"https:\/\/www.monika-hoegen.com\/de\/wp-json\/wp\/v2\/pages\/1191\/revisions"}],"predecessor-version":[{"id":1192,"href":"https:\/\/www.monika-hoegen.com\/de\/wp-json\/wp\/v2\/pages\/1191\/revisions\/1192"}],"wp:attachment":[{"href":"https:\/\/www.monika-hoegen.com\/de\/wp-json\/wp\/v2\/media?parent=1191"}],"curies":[{"name":"wp","href":"https:\/\/api.w.org\/{rel}","templated":true}]}}