{"id":13,"date":"2014-12-12T12:03:12","date_gmt":"2014-12-12T12:03:12","guid":{"rendered":"http:\/\/monika-hoegen.de\/EN\/?page_id=13"},"modified":"2017-02-21T09:12:30","modified_gmt":"2017-02-21T09:12:30","slug":"reportage-und-bericht","status":"publish","type":"page","link":"https:\/\/www.monika-hoegen.com\/de\/reportage-und-bericht\/","title":{"rendered":"Journalismus"},"content":{"rendered":"<section  class='av_textblock_section av-av_textblock-0366cc7376be6c9e82a3e9cc8987b64f '   itemscope=\"itemscope\" itemtype=\"https:\/\/schema.org\/CreativeWork\" ><div class='avia_textblock'  itemprop=\"text\" ><h1 style=\"text-align: center;\"><span style=\"color: #99cc00;\">Journalismus<\/span><\/h1>\n<\/div><\/section>\n<div  class='avia-slideshow av-av_slideshow-f6c3f17343947a8914841326d0b74e76 avia-slideshow-entry_without_sidebar av_slideshow avia-slide-slider  avia-builder-el-1  el_after_av_textblock  el_before_av_one_full  av-slideshow-ui av-slideshow-autoplay av-loop-endless av-loop-manual-endless av-default-height-applied avia-slideshow-1' data-slideshow-options=\"{&quot;animation&quot;:&quot;slide&quot;,&quot;autoplay&quot;:true,&quot;loop_autoplay&quot;:&quot;endless&quot;,&quot;interval&quot;:5,&quot;loop_manual&quot;:&quot;manual-endless&quot;,&quot;autoplay_stopper&quot;:false,&quot;noNavigation&quot;:false,&quot;bg_slider&quot;:false,&quot;keep_padding&quot;:false,&quot;hoverpause&quot;:false,&quot;show_slide_delay&quot;:0}\"  itemprop=\"image\" itemscope=\"itemscope\" itemtype=\"https:\/\/schema.org\/ImageObject\" ><ul class='avia-slideshow-inner ' style='padding-bottom: 34.95867768595%;'><li  class='avia-slideshow-slide av-av_slideshow-f6c3f17343947a8914841326d0b74e76__0  slide-1 slide-odd'><div data-rel='slideshow-1' class='avia-slide-wrap '   ><img class=\"wp-image-658 avia-img-lazy-loading-not-658\"  src='https:\/\/www.monika-hoegen.com\/de\/wp-content\/uploads\/2014\/12\/J-6-1210x423.jpg' width='1210' height='423' title='J-6' alt=''  itemprop=\"thumbnailUrl\"   \/><\/div><\/li><li  class='avia-slideshow-slide av-av_slideshow-f6c3f17343947a8914841326d0b74e76__1  slide-2 slide-even'><div data-rel='slideshow-1' class='avia-slide-wrap '   ><img class=\"wp-image-659 avia-img-lazy-loading-not-659\"  src='https:\/\/www.monika-hoegen.com\/de\/wp-content\/uploads\/2014\/12\/J-7-1210x423.jpg' width='1210' height='423' title='J-7' alt=''  itemprop=\"thumbnailUrl\"   \/><\/div><\/li><li  class='avia-slideshow-slide av-av_slideshow-f6c3f17343947a8914841326d0b74e76__2  slide-3 slide-odd'><div data-rel='slideshow-1' class='avia-slide-wrap '   ><img class=\"wp-image-660 avia-img-lazy-loading-not-660\"  src='https:\/\/www.monika-hoegen.com\/de\/wp-content\/uploads\/2014\/12\/J-5-1210x423.jpg' width='1210' height='423' title='J-5' alt=''  itemprop=\"thumbnailUrl\"   \/><\/div><\/li><li  class='avia-slideshow-slide av-av_slideshow-f6c3f17343947a8914841326d0b74e76__3  slide-4 slide-even'><div data-rel='slideshow-1' class='avia-slide-wrap '   ><img class=\"wp-image-661 avia-img-lazy-loading-not-661\"  src='https:\/\/www.monika-hoegen.com\/de\/wp-content\/uploads\/2014\/12\/J-4-1210x423.jpg' width='1210' height='423' title='J-4' alt=''  itemprop=\"thumbnailUrl\"   \/><\/div><\/li><li  class='avia-slideshow-slide av-av_slideshow-f6c3f17343947a8914841326d0b74e76__4  slide-5 slide-odd'><div data-rel='slideshow-1' class='avia-slide-wrap '   ><img class=\"wp-image-662 avia-img-lazy-loading-not-662\"  src='https:\/\/www.monika-hoegen.com\/de\/wp-content\/uploads\/2014\/12\/J-3-1210x423.jpg' width='1210' height='423' title='J-3' alt=''  itemprop=\"thumbnailUrl\"   \/><\/div><\/li><li  class='avia-slideshow-slide av-av_slideshow-f6c3f17343947a8914841326d0b74e76__5  slide-6 slide-even'><div data-rel='slideshow-1' class='avia-slide-wrap '   ><img class=\"wp-image-663 avia-img-lazy-loading-not-663\"  src='https:\/\/www.monika-hoegen.com\/de\/wp-content\/uploads\/2014\/12\/J-2-1210x423.jpg' width='1210' height='423' title='J-2' alt=''  itemprop=\"thumbnailUrl\"   \/><\/div><\/li><li  class='avia-slideshow-slide av-av_slideshow-f6c3f17343947a8914841326d0b74e76__6  slide-7 slide-odd'><div data-rel='slideshow-1' class='avia-slide-wrap '   ><img class=\"wp-image-664 avia-img-lazy-loading-not-664\"  src='https:\/\/www.monika-hoegen.com\/de\/wp-content\/uploads\/2014\/12\/j-1-1210x423.jpg' width='1210' height='423' title='j-1' alt=''  itemprop=\"thumbnailUrl\"   \/><\/div><\/li><\/ul><div class='avia-slideshow-arrows avia-slideshow-controls' ><a href='#prev' class='prev-slide ' aria-hidden='true' data-av_icon='\ue87c' data-av_iconfont='entypo-fontello'  tabindex='-1'>Zur\u00fcck<\/a><a href='#next' class='next-slide ' aria-hidden='true' data-av_icon='\ue87d' data-av_iconfont='entypo-fontello'  tabindex='-1'>Weiter<\/a><\/div><div class='avia-slideshow-dots avia-slideshow-controls'><a href='#1' class='goto-slide active' >1<\/a><a href='#2' class='goto-slide ' >2<\/a><a href='#3' class='goto-slide ' >3<\/a><a href='#4' class='goto-slide ' >4<\/a><a href='#5' class='goto-slide ' >5<\/a><a href='#6' class='goto-slide ' >6<\/a><a href='#7' class='goto-slide ' >7<\/a><\/div><\/div>\n<div  class='flex_column av-av_one_full-2a9015ff38129c418a3f2eafba3e9512 av_one_full  avia-builder-el-2  el_after_av_slideshow  el_before_av_one_full  first flex_column_div  '     ><style type=\"text\/css\" data-created_by=\"avia_inline_auto\" id=\"style-css-av-av_textblock-fae8699d538200a543ba402659dba9b0\">\n#top .av_textblock_section.av-av_textblock-fae8699d538200a543ba402659dba9b0 .avia_textblock{\nfont-size:16px;\n}\n<\/style>\n<section  class='av_textblock_section av-av_textblock-fae8699d538200a543ba402659dba9b0 '   itemscope=\"itemscope\" itemtype=\"https:\/\/schema.org\/CreativeWork\" ><div class='avia_textblock'  itemprop=\"text\" ><h2 style=\"text-align: center;\">Zahlen, Fakten, Positionspapiere \u2013 und vor allem: Menschen<\/h2>\n<p>Wenn von globaler Nachhaltigkeit, Armutsbek\u00e4mpfung, Migration, Klimawandel, Krisen und Konflikten aber auch von L\u00f6sungen, Projekten und Perspektiven die Rede ist, dann stehen dahinter &#8211; neben Fakten und Zahlen &#8211; vor allem Menschen mit ihren ganz pers\u00f6nlichen Geschichten. Diese Geschichten einf\u00fchlsam zu erz\u00e4hlen und zugleich zu verdeutlichen, wie sehr sie mit den \u00fcbergeordneten politischen und sozialen Themen unserer Zeit verkn\u00fcpft sind, darum geht es mir in meinen journalistischen Beitr\u00e4gen.<\/p>\n<p>Mein Schwerpunkt liegt dabei auf Themen der internationalen Zusammenarbeit und Entwicklungspolitik und den L\u00e4ndern des S\u00fcdens. Weltweite Recherchereisen f\u00fchrten mich in zahlreiche L\u00e4nder Asiens, Afrikas und Lateinamerikas. Erg\u00e4nzend dazu widme ich mich in meiner Berichterstattung den strukturellen Hintergr\u00fcnden der internationalen und europ\u00e4ischen Entwicklungs-, Umwelt, Klima- und Handelspolitik.<\/p>\n<p>Von meinem Standort in Br\u00fcssel aus verfolge ich ebenfalls die aktuellen Fragen europ\u00e4ischer Entwicklungszusammenarbeit mit konkreten Aspekten wie beispielsweise EU-Afrika Beziehungen, Integration der\u00a02030 Agenda und der UN Ziele zu nachhaltiger Entwicklung in die europ\u00e4ische Politik, EU-Klima-, Umwelt- und Naturschutzpolitik, Unternehmensverantwortung und Menschenrechte, Sozial- und Umweltstandards in Lieferketten und Fairer Handel. Aktuelle entwicklungspolitische Themen diskutiere ich zudem mit meinen G\u00e4sten und Experten im Rahmen eines monatlichen Roundtables, organisiert in Kooperation mit der Br\u00fcsseler Vertretung des Landes Nordrhein-Westfalen.<\/p>\n<p>Redaktionen biete ich Nachrichten, O-T\u00f6ne, Berichte, Interviews, Reportagen, Features, Portr\u00e4ts und Kommentare zu diesen Schwerpunkten an.<\/p>\n<\/div><\/section><\/div>\n<div  class='flex_column av-av_one_full-2a9015ff38129c418a3f2eafba3e9512 av_one_full  avia-builder-el-4  el_after_av_one_full  el_before_av_one_third  first flex_column_div  column-top-margin'     ><section  class='av_textblock_section av-av_textblock-0366cc7376be6c9e82a3e9cc8987b64f '   itemscope=\"itemscope\" itemtype=\"https:\/\/schema.org\/CreativeWork\" ><div class='avia_textblock'  itemprop=\"text\" ><h2 style=\"text-align: center;\">Kostproben<\/h2>\n<\/div><\/section><br \/>\n\n<style type=\"text\/css\" data-created_by=\"avia_inline_auto\" id=\"style-css-av-av_hr-6bc75f9f346a29c5dd48734c27daf981\">\n#top .hr.av-av_hr-6bc75f9f346a29c5dd48734c27daf981{\nmargin-top:5px;\nmargin-bottom:10px;\n}\n.hr.av-av_hr-6bc75f9f346a29c5dd48734c27daf981 .hr-inner{\nwidth:100%;\nborder-color:#cccccc;\n}\n<\/style>\n<div  class='hr av-av_hr-6bc75f9f346a29c5dd48734c27daf981 hr-custom  avia-builder-el-6  el_after_av_textblock  avia-builder-el-last  hr-center hr-icon-no'><span class='hr-inner inner-border-av-border-thin'><span class=\"hr-inner-style\"><\/span><\/span><\/div><\/p><\/div>\n<div  class='flex_column av-av_one_third-2a9015ff38129c418a3f2eafba3e9512 av_one_third  avia-builder-el-7  el_after_av_one_full  el_before_av_one_third  first flex_column_div  column-top-margin'     ><section  class='av_textblock_section av-av_textblock-0366cc7376be6c9e82a3e9cc8987b64f '   itemscope=\"itemscope\" itemtype=\"https:\/\/schema.org\/CreativeWork\" ><div class='avia_textblock'  itemprop=\"text\" ><h6><a href=\"http:\/\/monika-hoegen.de\/EN\/wp-content\/uploads\/2017\/02\/EU-Natura-2000a-1.pdf\" target=\"_blank\" rel=\"noopener\"><img loading=\"lazy\" decoding=\"async\" class=\"alignnone size-full wp-image-927\" src=\"http:\/\/monika-hoegen.de\/EN\/wp-content\/uploads\/2017\/02\/RED-journ.jpg\" alt=\"\" width=\"1000\" height=\"350\" srcset=\"https:\/\/www.monika-hoegen.com\/de\/wp-content\/uploads\/2017\/02\/RED-journ.jpg 1000w, https:\/\/www.monika-hoegen.com\/de\/wp-content\/uploads\/2017\/02\/RED-journ-180x63.jpg 180w, https:\/\/www.monika-hoegen.com\/de\/wp-content\/uploads\/2017\/02\/RED-journ-300x105.jpg 300w, https:\/\/www.monika-hoegen.com\/de\/wp-content\/uploads\/2017\/02\/RED-journ-768x269.jpg 768w, https:\/\/www.monika-hoegen.com\/de\/wp-content\/uploads\/2017\/02\/RED-journ-705x247.jpg 705w, https:\/\/www.monika-hoegen.com\/de\/wp-content\/uploads\/2017\/02\/RED-journ-450x158.jpg 450w\" sizes=\"auto, (max-width: 1000px) 100vw, 1000px\" \/><\/a><\/h6>\n<h6><span style=\"color: #000000;\"><strong>EU Kommission ber\u00e4t \u00fcber Schutzgebietsnetzwerk Natura 2000<\/strong><\/span><\/h6>\n<p style=\"font-size: 13px;\">Beitrag f\u00fcr den Wiesbadener Kurier, 7. Dezember 2016. <a href=\"http:\/\/monika-hoegen.de\/EN\/wp-content\/uploads\/2017\/02\/EU-Natura-2000a-1.pdf\" target=\"_blank\" rel=\"noopener\"><strong>Mehr<\/strong><\/a><\/p>\n<\/div><\/section><\/div>\n<div  class='flex_column av-av_one_third-5c3bdd854542bbc70d067b1f6b1f9883 av_one_third  avia-builder-el-9  el_after_av_one_third  el_before_av_one_third  flex_column_div  column-top-margin'     ><section  class='av_textblock_section av-av_textblock-0366cc7376be6c9e82a3e9cc8987b64f '   itemscope=\"itemscope\" itemtype=\"https:\/\/schema.org\/CreativeWork\" ><div class='avia_textblock'  itemprop=\"text\" ><h6><a href=\"http:\/\/www.forumue.de\/wp-content\/uploads\/2016\/12\/ForumUE-Rundbrief-4-16_Gutes-Essen-schlechtes-Essen-1.pdf#page=29\" target=\"_blank\" rel=\"noopener\"><img loading=\"lazy\" decoding=\"async\" class=\"alignnone wp-image-1050 \" src=\"http:\/\/monika-hoegen.de\/EN\/wp-content\/uploads\/2017\/02\/Bildschirmfoto-2017-02-14-um-10.22.04-e1487586641482.png\" width=\"672\" height=\"206\" srcset=\"https:\/\/www.monika-hoegen.com\/de\/wp-content\/uploads\/2017\/02\/Bildschirmfoto-2017-02-14-um-10.22.04-e1487586641482.png 890w, https:\/\/www.monika-hoegen.com\/de\/wp-content\/uploads\/2017\/02\/Bildschirmfoto-2017-02-14-um-10.22.04-e1487586641482-180x55.png 180w, https:\/\/www.monika-hoegen.com\/de\/wp-content\/uploads\/2017\/02\/Bildschirmfoto-2017-02-14-um-10.22.04-e1487586641482-300x92.png 300w, https:\/\/www.monika-hoegen.com\/de\/wp-content\/uploads\/2017\/02\/Bildschirmfoto-2017-02-14-um-10.22.04-e1487586641482-768x236.png 768w, https:\/\/www.monika-hoegen.com\/de\/wp-content\/uploads\/2017\/02\/Bildschirmfoto-2017-02-14-um-10.22.04-e1487586641482-705x216.png 705w, https:\/\/www.monika-hoegen.com\/de\/wp-content\/uploads\/2017\/02\/Bildschirmfoto-2017-02-14-um-10.22.04-e1487586641482-450x138.png 450w\" sizes=\"auto, (max-width: 672px) 100vw, 672px\" \/><\/a><\/h6>\n<h6><span style=\"color: #000000;\"><strong>Beitrag zum SDG Watch Launch<\/strong><\/span><\/h6>\n<p style=\"font-size: 13px;\">in Br\u00fcssel f\u00fcr Rundbrief Forum Umwelt und Entwicklung, IV\/2016. <strong><a href=\"http:\/\/www.forumue.de\/wp-content\/uploads\/2016\/12\/ForumUE-Rundbrief-4-16_Gutes-Essen-schlechtes-Essen-1.pdf#page=29\" target=\"_blank\" rel=\"noopener\">Mehr<\/a><\/strong><\/p>\n<\/div><\/section><\/div>\n<div  class='flex_column av-av_one_third-5c3bdd854542bbc70d067b1f6b1f9883 av_one_third  avia-builder-el-11  el_after_av_one_third  avia-builder-el-last  flex_column_div  column-top-margin'     ><section  class='av_textblock_section av-av_textblock-0366cc7376be6c9e82a3e9cc8987b64f '   itemscope=\"itemscope\" itemtype=\"https:\/\/schema.org\/CreativeWork\" ><div class='avia_textblock'  itemprop=\"text\" ><h6><img loading=\"lazy\" decoding=\"async\" class=\"alignnone wp-image-919 size-full\" src=\"http:\/\/monika-hoegen.de\/EN\/wp-content\/uploads\/2017\/02\/Deutschlandfunk-e1487589557666.png\" width=\"900\" height=\"400\" \/><\/h6>\n<h6><span style=\"color: #000000;\"><strong>\u00a0EU &#8211; Konfliktrohstoffe und Menschenrecht<\/strong><\/span><\/h6>\n<p style=\"font-size: 13px;\">Beitrag f\u00fcr den Deutschlandfunk, 4. April 2016. <strong><a href=\"http:\/\/www.deutschlandfunk.de\/rohstoffe-aus-konfliktregionen-eu-ringt-um-vorschriften-zur.697.de.html?dram:article_id=350252\" target=\"_blank\" rel=\"noopener\">Mehr<\/a><\/strong><\/p>\n<\/div><\/section><\/div>\n","protected":false},"excerpt":{"rendered":"","protected":false},"author":1,"featured_media":0,"parent":0,"menu_order":0,"comment_status":"open","ping_status":"open","template":"","meta":{"footnotes":""},"class_list":["post-13","page","type-page","status-publish","hentry"],"_links":{"self":[{"href":"https:\/\/www.monika-hoegen.com\/de\/wp-json\/wp\/v2\/pages\/13","targetHints":{"allow":["GET"]}}],"collection":[{"href":"https:\/\/www.monika-hoegen.com\/de\/wp-json\/wp\/v2\/pages"}],"about":[{"href":"https:\/\/www.monika-hoegen.com\/de\/wp-json\/wp\/v2\/types\/page"}],"author":[{"embeddable":true,"href":"https:\/\/www.monika-hoegen.com\/de\/wp-json\/wp\/v2\/users\/1"}],"replies":[{"embeddable":true,"href":"https:\/\/www.monika-hoegen.com\/de\/wp-json\/wp\/v2\/comments?post=13"}],"version-history":[{"count":61,"href":"https:\/\/www.monika-hoegen.com\/de\/wp-json\/wp\/v2\/pages\/13\/revisions"}],"predecessor-version":[{"id":1163,"href":"https:\/\/www.monika-hoegen.com\/de\/wp-json\/wp\/v2\/pages\/13\/revisions\/1163"}],"wp:attachment":[{"href":"https:\/\/www.monika-hoegen.com\/de\/wp-json\/wp\/v2\/media?parent=13"}],"curies":[{"name":"wp","href":"https:\/\/api.w.org\/{rel}","templated":true}]}}