{"id":15,"date":"2014-12-12T12:03:34","date_gmt":"2014-12-12T12:03:34","guid":{"rendered":"http:\/\/monika-hoegen.de\/EN\/?page_id=15"},"modified":"2017-02-20T10:09:18","modified_gmt":"2017-02-20T10:09:18","slug":"moderation","status":"publish","type":"page","link":"https:\/\/www.monika-hoegen.com\/de\/moderation\/","title":{"rendered":"Moderation"},"content":{"rendered":"\n<style type=\"text\/css\" data-created_by=\"avia_inline_auto\" id=\"style-css-av-av_textblock-fae8699d538200a543ba402659dba9b0\">\n#top .av_textblock_section.av-av_textblock-fae8699d538200a543ba402659dba9b0 .avia_textblock{\nfont-size:16px;\n}\n<\/style>\n<section  class='av_textblock_section av-av_textblock-fae8699d538200a543ba402659dba9b0 '   itemscope=\"itemscope\" itemtype=\"https:\/\/schema.org\/CreativeWork\" ><div class='avia_textblock'  itemprop=\"text\" ><h1 style=\"text-align: center;\"><span style=\"color: #b02121;\">Moderationen<\/span><\/h1>\n<\/div><\/section>\n<div  class='avia-slideshow av-av_slideshow-f6c3f17343947a8914841326d0b74e76 avia-slideshow-entry_without_sidebar av_slideshow avia-slide-slider  avia-builder-el-1  el_after_av_textblock  el_before_av_one_full  av-slideshow-ui av-slideshow-autoplay av-loop-endless av-loop-manual-endless av-default-height-applied avia-slideshow-1' data-slideshow-options=\"{&quot;animation&quot;:&quot;slide&quot;,&quot;autoplay&quot;:true,&quot;loop_autoplay&quot;:&quot;endless&quot;,&quot;interval&quot;:5,&quot;loop_manual&quot;:&quot;manual-endless&quot;,&quot;autoplay_stopper&quot;:false,&quot;noNavigation&quot;:false,&quot;bg_slider&quot;:false,&quot;keep_padding&quot;:false,&quot;hoverpause&quot;:false,&quot;show_slide_delay&quot;:0}\"  itemprop=\"image\" itemscope=\"itemscope\" itemtype=\"https:\/\/schema.org\/ImageObject\" ><ul class='avia-slideshow-inner ' style='padding-bottom: 43%;'><li  class='avia-slideshow-slide av-av_slideshow-f6c3f17343947a8914841326d0b74e76__0  slide-1 slide-odd'><div data-rel='slideshow-1' class='avia-slide-wrap '   ><img class=\"wp-image-575 avia-img-lazy-loading-not-575\"  src='https:\/\/www.monika-hoegen.com\/de\/wp-content\/uploads\/2014\/12\/NBank.jpg' width='900' height='387' title='NBank' alt=''  itemprop=\"thumbnailUrl\"   \/><\/div><\/li><li  class='avia-slideshow-slide av-av_slideshow-f6c3f17343947a8914841326d0b74e76__1  slide-2 slide-even'><div data-rel='slideshow-1' class='avia-slide-wrap '   ><img class=\"wp-image-649 avia-img-lazy-loading-not-649\"  src='https:\/\/www.monika-hoegen.com\/de\/wp-content\/uploads\/2014\/12\/Moderation-2-1000x423.jpg' width='1000' height='423' title='Moderation-2' alt=''  itemprop=\"thumbnailUrl\"   \/><\/div><\/li><li  class='avia-slideshow-slide av-av_slideshow-f6c3f17343947a8914841326d0b74e76__2  slide-3 slide-odd'><div data-rel='slideshow-1' class='avia-slide-wrap '   ><img class=\"wp-image-650 avia-img-lazy-loading-not-650\"  src='https:\/\/www.monika-hoegen.com\/de\/wp-content\/uploads\/2014\/12\/MH3_Moderation-1000x423.jpg' width='1000' height='423' title='MH3_Moderation' alt=''  itemprop=\"thumbnailUrl\"   \/><\/div><\/li><li  class='avia-slideshow-slide av-av_slideshow-f6c3f17343947a8914841326d0b74e76__3  slide-4 slide-even'><div data-rel='slideshow-1' class='avia-slide-wrap '   ><img class=\"wp-image-684 avia-img-lazy-loading-not-684\"  src='https:\/\/www.monika-hoegen.com\/de\/wp-content\/uploads\/2014\/12\/WirtschaftMetalle.jpg' width='900' height='387' title='WirtschaftMetalle' alt=''  itemprop=\"thumbnailUrl\"   \/><\/div><\/li><\/ul><div class='avia-slideshow-arrows avia-slideshow-controls' ><a href='#prev' class='prev-slide ' aria-hidden='true' data-av_icon='\ue87c' data-av_iconfont='entypo-fontello'  tabindex='-1'>Zur\u00fcck<\/a><a href='#next' class='next-slide ' aria-hidden='true' data-av_icon='\ue87d' data-av_iconfont='entypo-fontello'  tabindex='-1'>Weiter<\/a><\/div><div class='avia-slideshow-dots avia-slideshow-controls'><a href='#1' class='goto-slide active' >1<\/a><a href='#2' class='goto-slide ' >2<\/a><a href='#3' class='goto-slide ' >3<\/a><a href='#4' class='goto-slide ' >4<\/a><\/div><\/div>\n<div  class='flex_column av-av_one_full-2a9015ff38129c418a3f2eafba3e9512 av_one_full  avia-builder-el-2  el_after_av_slideshow  el_before_av_hr  first flex_column_div  '     ><style type=\"text\/css\" data-created_by=\"avia_inline_auto\" id=\"style-css-av-av_textblock-fae8699d538200a543ba402659dba9b0\">\n#top .av_textblock_section.av-av_textblock-fae8699d538200a543ba402659dba9b0 .avia_textblock{\nfont-size:16px;\n}\n<\/style>\n<section  class='av_textblock_section av-av_textblock-fae8699d538200a543ba402659dba9b0 '   itemscope=\"itemscope\" itemtype=\"https:\/\/schema.org\/CreativeWork\" ><div class='avia_textblock'  itemprop=\"text\" ><div id=\"txtContent\">\n<h2 style=\"text-align: center;\">Fundierte Gespr\u00e4che, die inspirieren<\/h2>\n<p>Langatmige Monologe, eine Diskussion, die nicht richtig in Gang kommt, wenig konkrete Inhalte und dann auch noch Fragen, denen die Panelisten immer wieder ausweichen: das m\u00f6gen Sie nicht? Zu Recht! Denn ein gutes Gespr\u00e4ch sollte immer beides sein: informativ und unterhaltsam. Strukturiert und lebendig. Analysierend und inspirierend. Eine gute Gespr\u00e4chsf\u00fchrung sorgt daf\u00fcr. Sie stellt sicher, dass nicht nur nach- und nebeneinander, sondern vor allem miteinander geredet wird.<\/p>\n<p>Genau das ist mein Anliegen als Moderatorin. Sachverhalte unterhaltsam und zugleich fachkundig zu pr\u00e4sentieren und zu vermitteln. Schwierige und umstrittene Zusammenh\u00e4nge fundiert, neugierig, charmant und auch mal provokant zu hinterfragen. Souver\u00e4n am Ball zu bleiben, auch wenn es in der Diskussionsrunde hoch her geht. Und vor allem, den ber\u00fchmten roten Faden vom Anfang bis zum Ende durch zu kn\u00fcpfen &#8211; nach diesen Prinzipien moderiere ich f\u00fcr meine Kunden aus Unternehmen und Privatwirtschaft sowie staatlichen und nicht-staatlichen Organisationen, Institutionen, Bildungseinrichtungen, Vereinen und Stiftungen.<\/p>\n<p>Das Spektrum ist dabei weit gefasst und reicht von der Moderation von Podiumsdiskussionen, Tagungen und Symposien \u00fcber die Pr\u00e4sentation von Events, Galas, Festveranstaltungen bis hin zur kreativen Moderation und Gespr\u00e4chsleitung von Workshops und Seminaren. Denn: Auf eine gute Moderation kommt es \u00fcberall dort an, wo Menschen miteinander ins Gespr\u00e4ch kommen und es auch bleiben wollen.<\/p>\n<\/div>\n<div><\/div>\n<div id=\"Content\"><\/div>\n<\/div><\/section><\/div><div  class='hr av-av_hr-dcd2069817a0e3d34ae04cad8f3443c7 hr-default  avia-builder-el-4  el_after_av_one_full  el_before_av_textblock '><span class='hr-inner '><span class=\"hr-inner-style\"><\/span><\/span><\/div><\/p>\n<section  class='av_textblock_section av-av_textblock-0366cc7376be6c9e82a3e9cc8987b64f '   itemscope=\"itemscope\" itemtype=\"https:\/\/schema.org\/CreativeWork\" ><div class='avia_textblock'  itemprop=\"text\" ><h2 style=\"text-align: center;\">Kostproben<\/h2>\n<\/div><\/section>\n\n<style type=\"text\/css\" data-created_by=\"avia_inline_auto\" id=\"style-css-av-av_hr-af5b44b50e4fc19642441a688ac4aa43\">\n#top .hr.av-av_hr-af5b44b50e4fc19642441a688ac4aa43{\nmargin-top:5px;\nmargin-bottom:5px;\n}\n.hr.av-av_hr-af5b44b50e4fc19642441a688ac4aa43 .hr-inner{\nwidth:100%;\nborder-color:#adadad;\n}\n<\/style>\n<div  class='hr av-av_hr-af5b44b50e4fc19642441a688ac4aa43 hr-custom  avia-builder-el-6  el_after_av_textblock  el_before_av_blog  hr-center hr-icon-no'><span class='hr-inner inner-border-av-border-thin'><span class=\"hr-inner-style\"><\/span><\/span><\/div>\n<div  data-slideshow-options=\"{&quot;animation&quot;:&quot;fade&quot;,&quot;autoplay&quot;:false,&quot;loop_autoplay&quot;:&quot;once&quot;,&quot;interval&quot;:5,&quot;loop_manual&quot;:&quot;manual-endless&quot;,&quot;autoplay_stopper&quot;:false,&quot;noNavigation&quot;:false,&quot;show_slide_delay&quot;:90}\" class='avia-content-slider avia-content-grid-active avia-content-slider1 avia-content-slider-odd  avia-builder-el-7  el_after_av_hr  el_before_av_one_third  av-slideshow-ui av-control-default   av-no-slider-navigation av-slideshow-manual av-loop-once av-loop-manual-endless '  itemscope=\"itemscope\" itemtype=\"https:\/\/schema.org\/Blog\" ><div class=\"avia-content-slider-inner\"><div class=\"slide-entry-wrap\"><article class='slide-entry flex_column  post-entry post-entry-1041 slide-entry-overview slide-loop-1 slide-parity-odd  av_one_third first real-thumbnail posttype-post post-format-standard'  itemscope=\"itemscope\" itemtype=\"https:\/\/schema.org\/CreativeWork\" ><a href='https:\/\/www.monika-hoegen.com\/de\/potenziale-des-metallrecyclings-fuer-klimaschutz\/' data-rel='slide-1' class='slide-image' title='Potenziale des Metallrecyclings f\u00fcr Klimaschutz'><img decoding=\"async\" width=\"495\" height=\"400\" src=\"https:\/\/www.monika-hoegen.com\/de\/wp-content\/uploads\/2017\/02\/ulf-bauer-495x400.jpg\" class=\"wp-image-1074 avia-img-lazy-loading-not-1074 attachment-portfolio size-portfolio wp-post-image\" alt=\"\" \/><\/a><div class=\"slide-content\"><header class=\"entry-content-header\"><h3 class='slide-entry-title entry-title '  itemprop=\"headline\" ><a href='https:\/\/www.monika-hoegen.com\/de\/potenziale-des-metallrecyclings-fuer-klimaschutz\/' title='Potenziale des Metallrecyclings f\u00fcr Klimaschutz'>Potenziale des Metallrecyclings f\u00fcr Klimaschutz<\/a><\/h3><span class=\"av-vertical-delimiter\"><\/span><\/header><div class=\"slide-meta\"><time class='slide-meta-time updated'  itemprop=\"datePublished\" datetime=\"2017-02-14T08:55:53+00:00\" >14. Februar 2017<\/time><\/div><div class='slide-entry-excerpt entry-content'  itemprop=\"text\" >Moderation der Veranstaltung \u201ePotenziale des Metallrecyclings\u2026<div class=\"read-more-link\"><a href=\"https:\/\/www.monika-hoegen.com\/de\/potenziale-des-metallrecyclings-fuer-klimaschutz\/\" class=\"more-link\">Weiterlesen<span class=\"more-link-arrow\"><\/span><\/a><\/div><\/div><\/div><footer class=\"entry-footer\"><\/footer><span class='hidden'>\n\t\t\t\t<span class='av-structured-data'  itemprop=\"image\" itemscope=\"itemscope\" itemtype=\"https:\/\/schema.org\/ImageObject\" >\n\t\t\t\t\t\t<span itemprop='url'>https:\/\/www.monika-hoegen.com\/de\/wp-content\/uploads\/2017\/02\/ulf-bauer.jpg<\/span>\n\t\t\t\t\t\t<span itemprop='height'>627<\/span>\n\t\t\t\t\t\t<span itemprop='width'>943<\/span>\n\t\t\t\t<\/span>\n\t\t\t\t<span class='av-structured-data'  itemprop=\"publisher\" itemtype=\"https:\/\/schema.org\/Organization\" itemscope=\"itemscope\" >\n\t\t\t\t\t\t<span itemprop='name'>jK-738bSH8<\/span>\n\t\t\t\t\t\t<span itemprop='logo' itemscope itemtype='https:\/\/schema.org\/ImageObject'>\n\t\t\t\t\t\t\t<span itemprop='url'>https:\/\/www.monika-hoegen.com\/de\/wp-content\/uploads\/2015\/01\/mhLogoWeb.png<\/span>\n\t\t\t\t\t\t<\/span>\n\t\t\t\t<\/span><span class='av-structured-data'  itemprop=\"author\" itemscope=\"itemscope\" itemtype=\"https:\/\/schema.org\/Person\" ><span itemprop='name'>jK-738bSH8<\/span><\/span><span class='av-structured-data'  itemprop=\"datePublished\" datetime=\"2014-12-12T12:03:34+00:00\" >2017-02-14 08:55:53<\/span><span class='av-structured-data'  itemprop=\"dateModified\" itemtype=\"https:\/\/schema.org\/dateModified\" >2017-02-14 16:23:14<\/span><span class='av-structured-data'  itemprop=\"mainEntityOfPage\" itemtype=\"https:\/\/schema.org\/mainEntityOfPage\" ><span itemprop='name'>Potenziale des Metallrecyclings f\u00fcr Klimaschutz<\/span><\/span><\/span><\/article><article class='slide-entry flex_column  post-entry post-entry-1048 slide-entry-overview slide-loop-2 slide-parity-even  av_one_third  real-thumbnail posttype-post post-format-standard'  itemscope=\"itemscope\" itemtype=\"https:\/\/schema.org\/CreativeWork\" ><a href='https:\/\/www.monika-hoegen.com\/de\/the-un-at-70s-fit-for-purpose\/' data-rel='slide-1' class='slide-image' title='The UN at 70&#8217;s \u2013 Fit for purpose?'><img decoding=\"async\" width=\"495\" height=\"400\" src=\"https:\/\/www.monika-hoegen.com\/de\/wp-content\/uploads\/2015\/02\/Fit-for-Purpose-495x400.jpg\" class=\"wp-image-565 avia-img-lazy-loading-not-565 attachment-portfolio size-portfolio wp-post-image\" alt=\"\" \/><\/a><div class=\"slide-content\"><header class=\"entry-content-header\"><h3 class='slide-entry-title entry-title '  itemprop=\"headline\" ><a href='https:\/\/www.monika-hoegen.com\/de\/the-un-at-70s-fit-for-purpose\/' title='The UN at 70&#8217;s \u2013 Fit for purpose?'>The UN at 70&#8217;s \u2013 Fit for purpose?<\/a><\/h3><span class=\"av-vertical-delimiter\"><\/span><\/header><div class=\"slide-meta\"><time class='slide-meta-time updated'  itemprop=\"datePublished\" datetime=\"2017-02-13T09:09:34+00:00\" >13. Februar 2017<\/time><\/div><div class='slide-entry-excerpt entry-content'  itemprop=\"text\" >\r\nModeration der Abschlussveranstaltung, organisiert vom Deutschen\u2026<div class=\"read-more-link\"><a href=\"https:\/\/www.monika-hoegen.com\/de\/the-un-at-70s-fit-for-purpose\/\" class=\"more-link\">Weiterlesen<span class=\"more-link-arrow\"><\/span><\/a><\/div><\/div><\/div><footer class=\"entry-footer\"><\/footer><span class='hidden'>\n\t\t\t\t<span class='av-structured-data'  itemprop=\"image\" itemscope=\"itemscope\" itemtype=\"https:\/\/schema.org\/ImageObject\" >\n\t\t\t\t\t\t<span itemprop='url'>https:\/\/www.monika-hoegen.com\/de\/wp-content\/uploads\/2015\/02\/Fit-for-Purpose.jpg<\/span>\n\t\t\t\t\t\t<span itemprop='height'>438<\/span>\n\t\t\t\t\t\t<span itemprop='width'>852<\/span>\n\t\t\t\t<\/span>\n\t\t\t\t<span class='av-structured-data'  itemprop=\"publisher\" itemtype=\"https:\/\/schema.org\/Organization\" itemscope=\"itemscope\" >\n\t\t\t\t\t\t<span itemprop='name'>jK-738bSH8<\/span>\n\t\t\t\t\t\t<span itemprop='logo' itemscope itemtype='https:\/\/schema.org\/ImageObject'>\n\t\t\t\t\t\t\t<span itemprop='url'>https:\/\/www.monika-hoegen.com\/de\/wp-content\/uploads\/2015\/01\/mhLogoWeb.png<\/span>\n\t\t\t\t\t\t<\/span>\n\t\t\t\t<\/span><span class='av-structured-data'  itemprop=\"author\" itemscope=\"itemscope\" itemtype=\"https:\/\/schema.org\/Person\" ><span itemprop='name'>jK-738bSH8<\/span><\/span><span class='av-structured-data'  itemprop=\"datePublished\" datetime=\"2014-12-12T12:03:34+00:00\" >2017-02-13 09:09:34<\/span><span class='av-structured-data'  itemprop=\"dateModified\" itemtype=\"https:\/\/schema.org\/dateModified\" >2019-06-03 11:21:37<\/span><span class='av-structured-data'  itemprop=\"mainEntityOfPage\" itemtype=\"https:\/\/schema.org\/mainEntityOfPage\" ><span itemprop='name'>The UN at 70&#8217;s \u2013 Fit for purpose?<\/span><\/span><\/span><\/article><article class='slide-entry flex_column  post-entry post-entry-670 slide-entry-overview slide-loop-3 slide-parity-odd  post-entry-last  av_one_third  real-thumbnail posttype-post post-format-standard'  itemscope=\"itemscope\" itemtype=\"https:\/\/schema.org\/CreativeWork\" ><a href='https:\/\/www.monika-hoegen.com\/de\/forschung-trifft-praxis\/' data-rel='slide-1' class='slide-image' title='Forschung trifft Praxis'><img decoding=\"async\" width=\"495\" height=\"400\" src=\"https:\/\/www.monika-hoegen.com\/de\/wp-content\/uploads\/2017\/02\/giz2013-495x400.jpg\" class=\"wp-image-683 avia-img-lazy-loading-not-683 attachment-portfolio size-portfolio wp-post-image\" alt=\"\" \/><\/a><div class=\"slide-content\"><header class=\"entry-content-header\"><h3 class='slide-entry-title entry-title '  itemprop=\"headline\" ><a href='https:\/\/www.monika-hoegen.com\/de\/forschung-trifft-praxis\/' title='Forschung trifft Praxis'>Forschung trifft Praxis<\/a><\/h3><span class=\"av-vertical-delimiter\"><\/span><\/header><div class=\"slide-meta\"><time class='slide-meta-time updated'  itemprop=\"datePublished\" datetime=\"2017-01-03T11:09:03+00:00\" >3. Januar 2017<\/time><\/div><div class='slide-entry-excerpt entry-content'  itemprop=\"text\" >Gespr\u00e4ch mit der Politikwissenschaftlerin Professor Dr. Claudia Derichs und Dr. Regina Dube, Indien-Expertin der GIZ, \u00fcber das Thema \u201eNein zu Gewalt gegen Frauen und M\u00e4dchen\u201c<div class=\"read-more-link\"><a href=\"https:\/\/www.monika-hoegen.com\/de\/forschung-trifft-praxis\/\" class=\"more-link\">Weiterlesen<span class=\"more-link-arrow\"><\/span><\/a><\/div><\/div><\/div><footer class=\"entry-footer\"><\/footer><span class='hidden'>\n\t\t\t\t<span class='av-structured-data'  itemprop=\"image\" itemscope=\"itemscope\" itemtype=\"https:\/\/schema.org\/ImageObject\" >\n\t\t\t\t\t\t<span itemprop='url'>https:\/\/www.monika-hoegen.com\/de\/wp-content\/uploads\/2017\/02\/giz2013.jpg<\/span>\n\t\t\t\t\t\t<span itemprop='height'>438<\/span>\n\t\t\t\t\t\t<span itemprop='width'>852<\/span>\n\t\t\t\t<\/span>\n\t\t\t\t<span class='av-structured-data'  itemprop=\"publisher\" itemtype=\"https:\/\/schema.org\/Organization\" itemscope=\"itemscope\" >\n\t\t\t\t\t\t<span itemprop='name'>jK-738bSH8<\/span>\n\t\t\t\t\t\t<span itemprop='logo' itemscope itemtype='https:\/\/schema.org\/ImageObject'>\n\t\t\t\t\t\t\t<span itemprop='url'>https:\/\/www.monika-hoegen.com\/de\/wp-content\/uploads\/2015\/01\/mhLogoWeb.png<\/span>\n\t\t\t\t\t\t<\/span>\n\t\t\t\t<\/span><span class='av-structured-data'  itemprop=\"author\" itemscope=\"itemscope\" itemtype=\"https:\/\/schema.org\/Person\" ><span itemprop='name'>jK-738bSH8<\/span><\/span><span class='av-structured-data'  itemprop=\"datePublished\" datetime=\"2014-12-12T12:03:34+00:00\" >2017-01-03 11:09:03<\/span><span class='av-structured-data'  itemprop=\"dateModified\" itemtype=\"https:\/\/schema.org\/dateModified\" >2017-02-14 11:43:38<\/span><span class='av-structured-data'  itemprop=\"mainEntityOfPage\" itemtype=\"https:\/\/schema.org\/mainEntityOfPage\" ><span itemprop='name'>Forschung trifft Praxis<\/span><\/span><\/span><\/article><\/div><\/div><\/div>\n<div  class='flex_column av-av_one_third-2a9015ff38129c418a3f2eafba3e9512 av_one_third  avia-builder-el-8  el_after_av_blog  el_before_av_one_third  first flex_column_div  '     ><\/div>\n<div  class='flex_column av-av_one_third-5c3bdd854542bbc70d067b1f6b1f9883 av_one_third  avia-builder-el-9  el_after_av_one_third  el_before_av_one_third  flex_column_div  '     ><\/div>\n<div  class='flex_column av-av_one_third-5c3bdd854542bbc70d067b1f6b1f9883 av_one_third  avia-builder-el-10  el_after_av_one_third  avia-builder-el-last  flex_column_div  '     ><\/div>\n","protected":false},"excerpt":{"rendered":"","protected":false},"author":1,"featured_media":0,"parent":0,"menu_order":0,"comment_status":"open","ping_status":"open","template":"","meta":{"footnotes":""},"class_list":["post-15","page","type-page","status-publish","hentry"],"_links":{"self":[{"href":"https:\/\/www.monika-hoegen.com\/de\/wp-json\/wp\/v2\/pages\/15","targetHints":{"allow":["GET"]}}],"collection":[{"href":"https:\/\/www.monika-hoegen.com\/de\/wp-json\/wp\/v2\/pages"}],"about":[{"href":"https:\/\/www.monika-hoegen.com\/de\/wp-json\/wp\/v2\/types\/page"}],"author":[{"embeddable":true,"href":"https:\/\/www.monika-hoegen.com\/de\/wp-json\/wp\/v2\/users\/1"}],"replies":[{"embeddable":true,"href":"https:\/\/www.monika-hoegen.com\/de\/wp-json\/wp\/v2\/comments?post=15"}],"version-history":[{"count":69,"href":"https:\/\/www.monika-hoegen.com\/de\/wp-json\/wp\/v2\/pages\/15\/revisions"}],"predecessor-version":[{"id":1137,"href":"https:\/\/www.monika-hoegen.com\/de\/wp-json\/wp\/v2\/pages\/15\/revisions\/1137"}],"wp:attachment":[{"href":"https:\/\/www.monika-hoegen.com\/de\/wp-json\/wp\/v2\/media?parent=15"}],"curies":[{"name":"wp","href":"https:\/\/api.w.org\/{rel}","templated":true}]}}