{"id":17,"date":"2014-12-12T12:03:51","date_gmt":"2014-12-12T12:03:51","guid":{"rendered":"http:\/\/monika-hoegen.de\/EN\/?page_id=17"},"modified":"2017-02-16T09:10:52","modified_gmt":"2017-02-16T09:10:52","slug":"medientraining","status":"publish","type":"page","link":"https:\/\/www.monika-hoegen.com\/de\/medientraining\/","title":{"rendered":"Kommunikationstraining"},"content":{"rendered":"<section  class='av_textblock_section av-av_textblock-0366cc7376be6c9e82a3e9cc8987b64f '   itemscope=\"itemscope\" itemtype=\"https:\/\/schema.org\/CreativeWork\" ><div class='avia_textblock'  itemprop=\"text\" ><h1 style=\"text-align: center;\"><span style=\"color: #d4b77f;\">Medien- und Kommunikationstrainings<\/span><\/h1>\n<\/div><\/section>\n<div  class='avia-slideshow av-av_slideshow-f6c3f17343947a8914841326d0b74e76 avia-slideshow-entry_without_sidebar av_slideshow avia-slide-slider  avia-builder-el-1  el_after_av_textblock  el_before_av_one_full  av-slideshow-ui av-slideshow-autoplay av-loop-endless av-loop-manual-endless av-default-height-applied avia-slideshow-1' data-slideshow-options=\"{&quot;animation&quot;:&quot;slide&quot;,&quot;autoplay&quot;:true,&quot;loop_autoplay&quot;:&quot;endless&quot;,&quot;interval&quot;:5,&quot;loop_manual&quot;:&quot;manual-endless&quot;,&quot;autoplay_stopper&quot;:false,&quot;noNavigation&quot;:false,&quot;bg_slider&quot;:false,&quot;keep_padding&quot;:false,&quot;hoverpause&quot;:false,&quot;show_slide_delay&quot;:0}\"  itemprop=\"image\" itemscope=\"itemscope\" itemtype=\"https:\/\/schema.org\/ImageObject\" ><ul class='avia-slideshow-inner ' style='padding-bottom: 35%;'><li  class='avia-slideshow-slide av-av_slideshow-f6c3f17343947a8914841326d0b74e76__0  slide-1 slide-odd'><div data-rel='slideshow-1' class='avia-slide-wrap '   ><img class=\"wp-image-780 avia-img-lazy-loading-not-780\"  src='https:\/\/www.monika-hoegen.com\/de\/wp-content\/uploads\/2017\/02\/MH4b.jpg' width='1000' height='350' title='MH4b' alt=''  itemprop=\"thumbnailUrl\"   \/><\/div><\/li><li  class='avia-slideshow-slide av-av_slideshow-f6c3f17343947a8914841326d0b74e76__1  slide-2 slide-even'><div data-rel='slideshow-1' class='avia-slide-wrap '   ><img class=\"wp-image-779 avia-img-lazy-loading-not-779\"  src='https:\/\/www.monika-hoegen.com\/de\/wp-content\/uploads\/2017\/02\/MH4C.jpg' width='1000' height='350' title='MH4C' alt=''  itemprop=\"thumbnailUrl\"   \/><\/div><\/li><li  class='avia-slideshow-slide av-av_slideshow-f6c3f17343947a8914841326d0b74e76__2  slide-3 slide-odd'><div data-rel='slideshow-1' class='avia-slide-wrap '   ><img class=\"wp-image-958 avia-img-lazy-loading-not-958\"  src='https:\/\/www.monika-hoegen.com\/de\/wp-content\/uploads\/2014\/12\/RED-PROD-4B.jpg' width='1000' height='350' title='RED-PROD-4B' alt=''  itemprop=\"thumbnailUrl\"   \/><\/div><\/li><\/ul><div class='avia-slideshow-arrows avia-slideshow-controls' ><a href='#prev' class='prev-slide ' aria-hidden='true' data-av_icon='\ue87c' data-av_iconfont='entypo-fontello'  tabindex='-1'>Zur\u00fcck<\/a><a href='#next' class='next-slide ' aria-hidden='true' data-av_icon='\ue87d' data-av_iconfont='entypo-fontello'  tabindex='-1'>Weiter<\/a><\/div><div class='avia-slideshow-dots avia-slideshow-controls'><a href='#1' class='goto-slide active' >1<\/a><a href='#2' class='goto-slide ' >2<\/a><a href='#3' class='goto-slide ' >3<\/a><\/div><\/div>\n<div  class='flex_column av-av_one_full-2a9015ff38129c418a3f2eafba3e9512 av_one_full  avia-builder-el-2  el_after_av_slideshow  el_before_av_one_full  first flex_column_div  '     ><style type=\"text\/css\" data-created_by=\"avia_inline_auto\" id=\"style-css-av-av_textblock-fae8699d538200a543ba402659dba9b0\">\n#top .av_textblock_section.av-av_textblock-fae8699d538200a543ba402659dba9b0 .avia_textblock{\nfont-size:16px;\n}\n<\/style>\n<section  class='av_textblock_section av-av_textblock-fae8699d538200a543ba402659dba9b0 '   itemscope=\"itemscope\" itemtype=\"https:\/\/schema.org\/CreativeWork\" ><div class='avia_textblock'  itemprop=\"text\" ><h2 style=\"text-align: center;\"><span style=\"color: #000000;\">Fit f\u00fcr den gro\u00dfen Auftritt<\/span><\/h2>\n<div><\/div>\n<p>Lampenfieber vor der gro\u00dfen Pr\u00e4sentation? Unklarheit beim Formulieren der Rede? Nervosit\u00e4t beim Umgang mit Journalisten? Unsicherheit vor Kamera und Mikrofon? Alles verst\u00e4ndlich \u2013 aber heilbar. Denn daf\u00fcr, dass Ihr \u00f6ffentlicher Auftritt zum gelungenen Ereignis wird, zu Ihrer ganz pers\u00f6nlichen B\u00fchne, von der aus Sie Ihre Botschaft(en) verst\u00e4ndlich, klar, pr\u00e4gnant, zielgruppengerecht und m\u00f6glichst mit Freude vermitteln \u2013 daf\u00fcr sorgt ein professionelles Kommunikations- oder Medientraining.<\/p>\n<p>Wie funktionieren denn nun eigentlich Journalisten und Medien? Wie trete ich an sie heran? Was interessiert Zeitungen, Radio, TV, die allgemeine \u00d6ffentlichkeit? Welche Botschaften und Nachrichten habe ich \u00fcberhaupt zu vermitteln? Wie schreibe ich eine Pressemitteilung, so dass sie auch gelesen wird? Wie organisiere und gestalte ich eine Pressekonferenz? Wie bewege ich mich souver\u00e4n vor Radiomikrofon und Fernsehkamera? Wie bereite ich mich erfolgreich auf ein Interview vor? Und was hat das alles eigentlich mit Goethe zu tun? Das und noch viel mehr erfahren Sie in meinen intensiven Medientrainings \u2013 mit vielen hilfreichen Praxis\u00fcbungen und Simulationen.<\/p>\n<p>Dar\u00fcber hinaus biete ich Kommunikationstrainings an, die Ihnen helfen, Ihre Argumentation zu sch\u00e4rfen, Pr\u00e4sentationen, Reden, Power-Point und andere Visualisierungen spannend und ansprechend zu gestalten und sich so die Aufmerksamkeit Ihres Publikums zu sichern. Gerne bereite ich Sie auch intensiv auf kontroverse Diskussionsrunden und den erfolgreichen Umgang mit kritischen Einw\u00e4nden vor. Spezielle Kurse biete ich zudem zum Thema Krisenkommunikation an. Auch bei diesen Trainings stehen \u2013 neben hilfreichem theoretischem Wissen &#8211; praxisnahe \u00dcbungen, Rollenspiele, Simulationen und ein aufmerksames und faires Feedback auf Ihre Performance im Vordergrund. Dabei bleibt alles, was im Training gesagt und erarbeitet wird, unter uns. Diskretion ist Ehrensache.<\/p>\n<p>All meine Trainings biete ich, zusammen mit einem Team von erfahrenen Co-Trainern, wahlweise in kleinen Gruppen oder als intensive Einzel-Coachings an. Die Workshops und Kurse werden in genauer Absprache mit Ihnen auf Ihre jeweiligen, speziellen Arbeits- und Themenbereiche und Ihre besonderen kommunikativen Anliegen zugeschnitten. Die Schwerpunkte und den Umfang der Trainings setzen Sie als Kunde selbst.<\/p>\n<\/div><\/section><\/div>\n<div  class='flex_column av-av_one_full-2a9015ff38129c418a3f2eafba3e9512 av_one_full  avia-builder-el-4  el_after_av_one_full  el_before_av_one_third  first flex_column_div  column-top-margin'     ><section  class='av_textblock_section av-av_textblock-0366cc7376be6c9e82a3e9cc8987b64f '   itemscope=\"itemscope\" itemtype=\"https:\/\/schema.org\/CreativeWork\" ><div class='avia_textblock'  itemprop=\"text\" ><h2 style=\"text-align: center;\">Kunden-Beispiele<\/h2>\n<\/div><\/section><br \/>\n\n<style type=\"text\/css\" data-created_by=\"avia_inline_auto\" id=\"style-css-av-av_hr-af5b44b50e4fc19642441a688ac4aa43\">\n#top .hr.av-av_hr-af5b44b50e4fc19642441a688ac4aa43{\nmargin-top:5px;\nmargin-bottom:5px;\n}\n.hr.av-av_hr-af5b44b50e4fc19642441a688ac4aa43 .hr-inner{\nwidth:100%;\nborder-color:#adadad;\n}\n<\/style>\n<div  class='hr av-av_hr-af5b44b50e4fc19642441a688ac4aa43 hr-custom  avia-builder-el-6  el_after_av_textblock  avia-builder-el-last  hr-center hr-icon-no'><span class='hr-inner inner-border-av-border-thin'><span class=\"hr-inner-style\"><\/span><\/span><\/div><\/p><\/div><div  class='flex_column av-av_one_third-2a9015ff38129c418a3f2eafba3e9512 av_one_third  avia-builder-el-7  el_after_av_one_full  el_before_av_one_third  first flex_column_div  column-top-margin'     ><style type=\"text\/css\" data-created_by=\"avia_inline_auto\" id=\"style-css-av-av_image-54b5f963f1f73f23bd0e06e8264a15cd\">\n.avia-image-container.av-av_image-54b5f963f1f73f23bd0e06e8264a15cd img.avia_image{\nbox-shadow:none;\n}\n.avia-image-container.av-av_image-54b5f963f1f73f23bd0e06e8264a15cd .av-image-caption-overlay-center{\ncolor:#ffffff;\n}\n<\/style>\n<div  class='avia-image-container av-av_image-54b5f963f1f73f23bd0e06e8264a15cd av-styling- avia-align-center  avia-builder-el-8  avia-builder-el-no-sibling '   itemprop=\"image\" itemscope=\"itemscope\" itemtype=\"https:\/\/schema.org\/ImageObject\" ><div class=\"avia-image-container-inner\"><div class=\"avia-image-overlay-wrap\"><a href=\"http:\/\/www.dbbakademie.de\/\" class='avia_image' target=\"_blank\" rel=\"noopener noreferrer\"><img class='wp-image-1077 avia-img-lazy-loading-not-1077 avia_image ' src='https:\/\/www.monika-hoegen.com\/de\/wp-content\/uploads\/2014\/12\/dbb.png' alt='' title='dbb'  height=\"192\" width=\"400\"  itemprop=\"thumbnailUrl\"  \/><\/a><\/div><\/div><\/div><\/div><\/p>\n<div  class='flex_column av-av_one_third-5c3bdd854542bbc70d067b1f6b1f9883 av_one_third  avia-builder-el-9  el_after_av_one_third  el_before_av_one_third  flex_column_div  column-top-margin'     ><style type=\"text\/css\" data-created_by=\"avia_inline_auto\" id=\"style-css-av-av_image-0ed871d52a93764eb32428de9062098b\">\n.avia-image-container.av-av_image-0ed871d52a93764eb32428de9062098b img.avia_image{\nbox-shadow:none;\n}\n.avia-image-container.av-av_image-0ed871d52a93764eb32428de9062098b .av-image-caption-overlay-center{\ncolor:#ffffff;\n}\n<\/style>\n<div  class='avia-image-container av-av_image-0ed871d52a93764eb32428de9062098b av-styling- avia-align-center  avia-builder-el-10  avia-builder-el-no-sibling '   itemprop=\"image\" itemscope=\"itemscope\" itemtype=\"https:\/\/schema.org\/ImageObject\" ><div class=\"avia-image-container-inner\"><div class=\"avia-image-overlay-wrap\"><a href=\"http:\/\/www.dw.com\/de\/dw-akademie\/%C3%BCber-uns\/s-8101\" class='avia_image' target=\"_blank\" rel=\"noopener noreferrer\"><img class='wp-image-1076 avia-img-lazy-loading-not-1076 avia_image ' src='https:\/\/www.monika-hoegen.com\/de\/wp-content\/uploads\/2014\/12\/dw.png' alt='' title='dw'  height=\"192\" width=\"400\"  itemprop=\"thumbnailUrl\"  \/><\/a><\/div><\/div><\/div><\/div>\n<div  class='flex_column av-av_one_third-5c3bdd854542bbc70d067b1f6b1f9883 av_one_third  avia-builder-el-11  el_after_av_one_third  el_before_av_one_third  flex_column_div  column-top-margin'     ><style type=\"text\/css\" data-created_by=\"avia_inline_auto\" id=\"style-css-av-av_image-d3929e9ae23fe12e24504e8199d818fe\">\n.avia-image-container.av-av_image-d3929e9ae23fe12e24504e8199d818fe img.avia_image{\nbox-shadow:none;\n}\n.avia-image-container.av-av_image-d3929e9ae23fe12e24504e8199d818fe .av-image-caption-overlay-center{\ncolor:#ffffff;\n}\n<\/style>\n<div  class='avia-image-container av-av_image-d3929e9ae23fe12e24504e8199d818fe av-styling- avia-align-center  avia-builder-el-12  avia-builder-el-no-sibling '   itemprop=\"image\" itemscope=\"itemscope\" itemtype=\"https:\/\/schema.org\/ImageObject\" ><div class=\"avia-image-container-inner\"><div class=\"avia-image-overlay-wrap\"><a href=\"https:\/\/www.fairtrade.net\/\" class='avia_image' target=\"_blank\" rel=\"noopener noreferrer\"><img class='wp-image-1079 avia-img-lazy-loading-not-1079 avia_image ' src='https:\/\/www.monika-hoegen.com\/de\/wp-content\/uploads\/2014\/12\/ft.png' alt='' title='ft'  height=\"192\" width=\"400\"  itemprop=\"thumbnailUrl\"  \/><\/a><\/div><\/div><\/div><\/div>\n<div  class='flex_column av-av_one_third-2a9015ff38129c418a3f2eafba3e9512 av_one_third  avia-builder-el-13  el_after_av_one_third  el_before_av_one_third  first flex_column_div  column-top-margin'     ><style type=\"text\/css\" data-created_by=\"avia_inline_auto\" id=\"style-css-av-av_image-c2e6df85224ea9bf4f2999f9f1d97e0e\">\n.avia-image-container.av-av_image-c2e6df85224ea9bf4f2999f9f1d97e0e img.avia_image{\nbox-shadow:none;\n}\n.avia-image-container.av-av_image-c2e6df85224ea9bf4f2999f9f1d97e0e .av-image-caption-overlay-center{\ncolor:#ffffff;\n}\n<\/style>\n<div  class='avia-image-container av-av_image-c2e6df85224ea9bf4f2999f9f1d97e0e av-styling- avia-align-center  avia-builder-el-14  avia-builder-el-no-sibling '   itemprop=\"image\" itemscope=\"itemscope\" itemtype=\"https:\/\/schema.org\/ImageObject\" ><div class=\"avia-image-container-inner\"><div class=\"avia-image-overlay-wrap\"><a href=\"https:\/\/www.giz.de\/de\/html\/index.html\" class='avia_image' target=\"_blank\" rel=\"noopener noreferrer\"><img class='wp-image-1081 avia-img-lazy-loading-not-1081 avia_image ' src='https:\/\/www.monika-hoegen.com\/de\/wp-content\/uploads\/2014\/12\/giz.png' alt='' title='giz'  height=\"192\" width=\"400\"  itemprop=\"thumbnailUrl\"  \/><\/a><\/div><\/div><\/div><\/div><div  class='flex_column av-av_one_third-5c3bdd854542bbc70d067b1f6b1f9883 av_one_third  avia-builder-el-15  el_after_av_one_third  el_before_av_one_third  flex_column_div  column-top-margin'     ><style type=\"text\/css\" data-created_by=\"avia_inline_auto\" id=\"style-css-av-av_image-a0aaa9abe93bee1d6e4c5c4078191a02\">\n.avia-image-container.av-av_image-a0aaa9abe93bee1d6e4c5c4078191a02 img.avia_image{\nbox-shadow:none;\n}\n.avia-image-container.av-av_image-a0aaa9abe93bee1d6e4c5c4078191a02 .av-image-caption-overlay-center{\ncolor:#ffffff;\n}\n<\/style>\n<div  class='avia-image-container av-av_image-a0aaa9abe93bee1d6e4c5c4078191a02 av-styling- avia-align-center  avia-builder-el-16  avia-builder-el-no-sibling '   itemprop=\"image\" itemscope=\"itemscope\" itemtype=\"https:\/\/schema.org\/ImageObject\" ><div class=\"avia-image-container-inner\"><div class=\"avia-image-overlay-wrap\"><a href=\"https:\/\/www.oikocredit.de\/\" class='avia_image' target=\"_blank\" rel=\"noopener noreferrer\"><img class='wp-image-1078 avia-img-lazy-loading-not-1078 avia_image ' src='https:\/\/www.monika-hoegen.com\/de\/wp-content\/uploads\/2014\/12\/oiko.png' alt='' title='oiko'  height=\"192\" width=\"400\"  itemprop=\"thumbnailUrl\"  \/><\/a><\/div><\/div><\/div><\/div><div  class='flex_column av-av_one_third-5c3bdd854542bbc70d067b1f6b1f9883 av_one_third  avia-builder-el-17  el_after_av_one_third  avia-builder-el-last  flex_column_div  column-top-margin'     ><style type=\"text\/css\" data-created_by=\"avia_inline_auto\" id=\"style-css-av-av_image-3b758599180ef9e977ab36c7c95443a8\">\n.avia-image-container.av-av_image-3b758599180ef9e977ab36c7c95443a8 img.avia_image{\nbox-shadow:none;\n}\n.avia-image-container.av-av_image-3b758599180ef9e977ab36c7c95443a8 .av-image-caption-overlay-center{\ncolor:#ffffff;\n}\n<\/style>\n<div  class='avia-image-container av-av_image-3b758599180ef9e977ab36c7c95443a8 av-styling- avia-align-center  avia-builder-el-18  avia-builder-el-no-sibling '   itemprop=\"image\" itemscope=\"itemscope\" itemtype=\"https:\/\/schema.org\/ImageObject\" ><div class=\"avia-image-container-inner\"><div class=\"avia-image-overlay-wrap\"><a href=\"http:\/\/www.prosoz.de\/startseite.html\" class='avia_image' target=\"_blank\" rel=\"noopener noreferrer\"><img class='wp-image-1080 avia-img-lazy-loading-not-1080 avia_image ' src='https:\/\/www.monika-hoegen.com\/de\/wp-content\/uploads\/2014\/12\/ps.png' alt='' title='ps'  height=\"192\" width=\"400\"  itemprop=\"thumbnailUrl\"  \/><\/a><\/div><\/div><\/div><\/div><\/p>\n","protected":false},"excerpt":{"rendered":"","protected":false},"author":1,"featured_media":0,"parent":0,"menu_order":0,"comment_status":"open","ping_status":"open","template":"","meta":{"footnotes":""},"class_list":["post-17","page","type-page","status-publish","hentry"],"_links":{"self":[{"href":"https:\/\/www.monika-hoegen.com\/de\/wp-json\/wp\/v2\/pages\/17","targetHints":{"allow":["GET"]}}],"collection":[{"href":"https:\/\/www.monika-hoegen.com\/de\/wp-json\/wp\/v2\/pages"}],"about":[{"href":"https:\/\/www.monika-hoegen.com\/de\/wp-json\/wp\/v2\/types\/page"}],"author":[{"embeddable":true,"href":"https:\/\/www.monika-hoegen.com\/de\/wp-json\/wp\/v2\/users\/1"}],"replies":[{"embeddable":true,"href":"https:\/\/www.monika-hoegen.com\/de\/wp-json\/wp\/v2\/comments?post=17"}],"version-history":[{"count":40,"href":"https:\/\/www.monika-hoegen.com\/de\/wp-json\/wp\/v2\/pages\/17\/revisions"}],"predecessor-version":[{"id":1085,"href":"https:\/\/www.monika-hoegen.com\/de\/wp-json\/wp\/v2\/pages\/17\/revisions\/1085"}],"wp:attachment":[{"href":"https:\/\/www.monika-hoegen.com\/de\/wp-json\/wp\/v2\/media?parent=17"}],"curies":[{"name":"wp","href":"https:\/\/api.w.org\/{rel}","templated":true}]}}