{"id":19,"date":"2014-12-12T12:04:23","date_gmt":"2014-12-12T12:04:23","guid":{"rendered":"http:\/\/monika-hoegen.de\/EN\/?page_id=19"},"modified":"2017-02-20T09:42:08","modified_gmt":"2017-02-20T09:42:08","slug":"redaktion-und-produktion","status":"publish","type":"page","link":"https:\/\/www.monika-hoegen.com\/de\/redaktion-und-produktion\/","title":{"rendered":"Redaktion und Produktion"},"content":{"rendered":"<section  class='av_textblock_section av-av_textblock-0366cc7376be6c9e82a3e9cc8987b64f '   itemscope=\"itemscope\" itemtype=\"https:\/\/schema.org\/CreativeWork\" ><div class='avia_textblock'  itemprop=\"text\" ><h1 style=\"text-align: center;\"><span style=\"color: #91573a;\">Redaktion und Produktion<\/span><\/h1>\n<\/div><\/section>\n<div  class='avia-slideshow av-av_slideshow-f6c3f17343947a8914841326d0b74e76 avia-slideshow-entry_without_sidebar av_slideshow avia-slide-slider  avia-builder-el-1  el_after_av_textblock  el_before_av_one_full  av-slideshow-ui av-slideshow-autoplay av-loop-endless av-loop-manual-endless av-default-height-applied avia-slideshow-1' data-slideshow-options=\"{&quot;animation&quot;:&quot;slide&quot;,&quot;autoplay&quot;:true,&quot;loop_autoplay&quot;:&quot;endless&quot;,&quot;interval&quot;:5,&quot;loop_manual&quot;:&quot;manual-endless&quot;,&quot;autoplay_stopper&quot;:false,&quot;noNavigation&quot;:false,&quot;bg_slider&quot;:false,&quot;keep_padding&quot;:false,&quot;hoverpause&quot;:false,&quot;show_slide_delay&quot;:0}\"  itemprop=\"image\" itemscope=\"itemscope\" itemtype=\"https:\/\/schema.org\/ImageObject\" ><ul class='avia-slideshow-inner ' style='padding-bottom: 35%;'><li  class='avia-slideshow-slide av-av_slideshow-f6c3f17343947a8914841326d0b74e76__0  slide-1 slide-odd'><div data-rel='slideshow-1' class='avia-slide-wrap '   ><img class=\"wp-image-784 avia-img-lazy-loading-not-784\"  src='https:\/\/www.monika-hoegen.com\/de\/wp-content\/uploads\/2014\/12\/MH-RED.jpg' width='1000' height='350' title='MH-RED' alt=''  itemprop=\"thumbnailUrl\"   \/><\/div><\/li><li  class='avia-slideshow-slide av-av_slideshow-f6c3f17343947a8914841326d0b74e76__1  slide-2 slide-even'><div data-rel='slideshow-1' class='avia-slide-wrap '   ><img class=\"wp-image-951 avia-img-lazy-loading-not-951\"  src='https:\/\/www.monika-hoegen.com\/de\/wp-content\/uploads\/2014\/12\/RED-PROD-4.jpg' width='1000' height='350' title='RED-PROD-4' alt=''  itemprop=\"thumbnailUrl\"   \/><\/div><\/li><li  class='avia-slideshow-slide av-av_slideshow-f6c3f17343947a8914841326d0b74e76__2  slide-3 slide-odd'><div data-rel='slideshow-1' class='avia-slide-wrap '   ><img class=\"wp-image-953 avia-img-lazy-loading-not-953\"  src='https:\/\/www.monika-hoegen.com\/de\/wp-content\/uploads\/2014\/12\/RED-PROD-3-1.jpg' width='1000' height='350' title='RED-PROD-3' alt=''  itemprop=\"thumbnailUrl\"   \/><\/div><\/li><li  class='avia-slideshow-slide av-av_slideshow-f6c3f17343947a8914841326d0b74e76__3  slide-4 slide-even'><div data-rel='slideshow-1' class='avia-slide-wrap '   ><img class=\"wp-image-955 avia-img-lazy-loading-not-955\"  src='https:\/\/www.monika-hoegen.com\/de\/wp-content\/uploads\/2014\/12\/RED-PROD-4a.jpg' width='1000' height='350' title='RED-PROD-4a' alt=''  itemprop=\"thumbnailUrl\"   \/><\/div><\/li><\/ul><div class='avia-slideshow-arrows avia-slideshow-controls' ><a href='#prev' class='prev-slide ' aria-hidden='true' data-av_icon='\ue87c' data-av_iconfont='entypo-fontello'  tabindex='-1'>Zur\u00fcck<\/a><a href='#next' class='next-slide ' aria-hidden='true' data-av_icon='\ue87d' data-av_iconfont='entypo-fontello'  tabindex='-1'>Weiter<\/a><\/div><div class='avia-slideshow-dots avia-slideshow-controls'><a href='#1' class='goto-slide active' >1<\/a><a href='#2' class='goto-slide ' >2<\/a><a href='#3' class='goto-slide ' >3<\/a><a href='#4' class='goto-slide ' >4<\/a><\/div><\/div>\n<div  class='flex_column av-av_one_full-2a9015ff38129c418a3f2eafba3e9512 av_one_full  avia-builder-el-2  el_after_av_slideshow  el_before_av_one_full  first flex_column_div  '     ><style type=\"text\/css\" data-created_by=\"avia_inline_auto\" id=\"style-css-av-av_textblock-fae8699d538200a543ba402659dba9b0\">\n#top .av_textblock_section.av-av_textblock-fae8699d538200a543ba402659dba9b0 .avia_textblock{\nfont-size:16px;\n}\n<\/style>\n<section  class='av_textblock_section av-av_textblock-fae8699d538200a543ba402659dba9b0 '   itemscope=\"itemscope\" itemtype=\"https:\/\/schema.org\/CreativeWork\" ><div class='avia_textblock'  itemprop=\"text\" ><h2 style=\"text-align: center;\">Von der Idee zum multimedialen Profi-Produkt<\/h2>\n<p>Sie haben die Idee, das Projekt, die Story und die interessanten Pers\u00f6nlichkeiten dazu. Ich habe als erfahrene Redakteurin und Autorin das Know-How und Handwerkszeug, daraus interessante Publikationen und multimediale Produkte f\u00fcr Ihre Kommunikations- und \u00d6ffentlichkeitsarbeit zu gestalten.<\/p>\n<p>Ob Brosch\u00fcren, Flyer, Newsletter, Video- und Audioproduktionen oder Internetauftritt \u2013 gerne \u00fcbernehme ich f\u00fcr Sie Konzept, Text und Redaktion Ihrer Materialien. Zusammen mit meinem Team von professionellen Designern, Layoutern und Kameraleuten habe ich bei Bedarf auch die Gesamtl\u00f6sung im Gep\u00e4ck \u2013 von der Idee \u00fcber die redaktionelle Umsetzung bis hin zum fertig produzierten Media Tool.<\/p>\n<p>Ob es um die Umsetzung der UN 2030 Agenda und der Ziele f\u00fcr nachhaltige Entwicklung in den Kommunen geht, um den Handel mit fairen Blumen aus \u00c4thiopien, die Zusammenarbeit der EU mit Afrika auf dem Gebiet der Erneuerbaren Energien, F\u00f6rderung der Jugendarbeit in Kirgisistan oder Erfahrungen mit Menschenrechtsarbeit in rohstoffreichen Konfliktgebieten \u2013 mein Team und ich, wissen, wovon Sie sprechen. Und wir wissen, wie Sie das am wirkungsvollsten tun k\u00f6nnen.<\/p>\n<\/div><\/section><\/div><div  class='flex_column av-av_one_full-2a9015ff38129c418a3f2eafba3e9512 av_one_full  avia-builder-el-4  el_after_av_one_full  el_before_av_one_third  first flex_column_div  column-top-margin'     ><style type=\"text\/css\" data-created_by=\"avia_inline_auto\" id=\"style-css-av-av_textblock-a46e63d3243520f360b66d40f943954f\">\n#top .av_textblock_section.av-av_textblock-a46e63d3243520f360b66d40f943954f .avia_textblock{\nfont-size:14px;\n}\n<\/style>\n<section  class='av_textblock_section av-av_textblock-a46e63d3243520f360b66d40f943954f '   itemscope=\"itemscope\" itemtype=\"https:\/\/schema.org\/CreativeWork\" ><div class='avia_textblock'  itemprop=\"text\" ><h2 style=\"text-align: center;\">Kostproben<\/h2>\n<\/div><\/section><br \/>\n\n<style type=\"text\/css\" data-created_by=\"avia_inline_auto\" id=\"style-css-av-av_hr-4ebc6ff4f1d8d9625d2918451b77188c\">\n#top .hr.av-av_hr-4ebc6ff4f1d8d9625d2918451b77188c{\nmargin-top:5px;\nmargin-bottom:5px;\n}\n.hr.av-av_hr-4ebc6ff4f1d8d9625d2918451b77188c .hr-inner{\nwidth:100%;\nborder-color:#aaaaaa;\n}\n<\/style>\n<div  class='hr av-av_hr-4ebc6ff4f1d8d9625d2918451b77188c hr-custom  avia-builder-el-6  el_after_av_textblock  avia-builder-el-last  hr-center hr-icon-no'><span class='hr-inner inner-border-av-border-thin'><span class=\"hr-inner-style\"><\/span><\/span><\/div><\/p><\/div><\/p>\n<div  class='flex_column av-av_one_third-2a9015ff38129c418a3f2eafba3e9512 av_one_third  avia-builder-el-7  el_after_av_one_full  el_before_av_one_third  first flex_column_div  column-top-margin'     ><section  class='av_textblock_section av-av_textblock-0366cc7376be6c9e82a3e9cc8987b64f '   itemscope=\"itemscope\" itemtype=\"https:\/\/schema.org\/CreativeWork\" ><div class='avia_textblock'  itemprop=\"text\" ><h5><img loading=\"lazy\" decoding=\"async\" class=\"alignnone wp-image-985 size-full\" src=\"http:\/\/monika-hoegen.de\/EN\/wp-content\/uploads\/2015\/01\/Dialog-Global--e1487007389763.png\" width=\"265\" height=\"132\" srcset=\"https:\/\/www.monika-hoegen.com\/de\/wp-content\/uploads\/2015\/01\/Dialog-Global--e1487007389763.png 265w, https:\/\/www.monika-hoegen.com\/de\/wp-content\/uploads\/2015\/01\/Dialog-Global--e1487007389763-180x90.png 180w\" sizes=\"auto, (max-width: 265px) 100vw, 265px\" \/><\/h5>\n<h6><span style=\"color: #000000;\"><strong>Dialog Global \u2013 2030 vor der Haust\u00fcr<\/strong><\/span><\/h6>\n<p style=\"font-size: 13px;\">Kommunen, Fairer Handel und die UN-Nachhaltigkeitsziele. Konzept und Text der Brosch\u00fcre f\u00fcr Engagement Global, Bonn, Januar 2017. <a href=\"http:\/\/monika-hoegen.de\/EN\/wp-content\/uploads\/2017\/02\/DialogGlobal-44-bf.pdf\" target=\"_blank\" rel=\"noopener\"><strong>Mehr<\/strong><\/a><\/p>\n<\/div><\/section><\/div>\n<div  class='flex_column av-av_one_third-5c3bdd854542bbc70d067b1f6b1f9883 av_one_third  avia-builder-el-9  el_after_av_one_third  el_before_av_one_third  flex_column_div  column-top-margin'     ><section  class='av_textblock_section av-av_textblock-0366cc7376be6c9e82a3e9cc8987b64f '   itemscope=\"itemscope\" itemtype=\"https:\/\/schema.org\/CreativeWork\" ><div class='avia_textblock'  itemprop=\"text\" ><h5><img loading=\"lazy\" decoding=\"async\" class=\"alignnone wp-image-931 size-full\" src=\"http:\/\/monika-hoegen.de\/EN\/wp-content\/uploads\/2017\/02\/euei-monthly-bulletin-e1487246556400.jpg\" width=\"700\" height=\"313\" \/><\/h5>\n<h6><span style=\"color: #000000;\"><strong>European Union Energy Initiative<\/strong><\/span><\/h6>\n<p style=\"font-size: 13px;\">Text und Redaktion des monatlichen, englischsprachigen Newsletters der European Union Energy Initiative, Juni \u2013 Dezember 2016. <strong><a href=\"http:\/\/www.euei-pdf.org\/en\/euei\/information-sharing-analysis-and-visibility\/euei-monthly-bulletin\" target=\"_blank\" rel=\"noopener\">Mehr<\/a><\/strong><\/p>\n<\/div><\/section><\/div>\n<div  class='flex_column av-av_one_third-5c3bdd854542bbc70d067b1f6b1f9883 av_one_third  avia-builder-el-11  el_after_av_one_third  el_before_av_one_full  flex_column_div  column-top-margin'     ><section  class='av_textblock_section av-av_textblock-0366cc7376be6c9e82a3e9cc8987b64f '   itemscope=\"itemscope\" itemtype=\"https:\/\/schema.org\/CreativeWork\" ><div class='avia_textblock'  itemprop=\"text\" ><h5><a href=\"https:\/\/www.fairtrade-deutschland.de\/service\/leichte-sprache.html\" target=\"_blank\" rel=\"noopener\"><img loading=\"lazy\" decoding=\"async\" class=\"alignnone wp-image-914\" src=\"http:\/\/monika-hoegen.de\/EN\/wp-content\/uploads\/2017\/02\/Fairtrade-in-leichter-Sprache-1216x630.png\" alt=\"\" width=\"605\" height=\"313\" \/><\/a><\/h5>\n<h6><span style=\"color: #000000;\"><strong>Fairtrade in leichter Sprache<\/strong><\/span><\/h6>\n<p style=\"font-size: 13px;\">Konzept und Text f\u00fcr Fairtrade Deutschland, Mai 2016. <a href=\"https:\/\/www.fairtrade-deutschland.de\/service\/leichte-sprache.html\" target=\"_blank\" rel=\"noopener\"><strong>Mehr<\/strong><\/a><\/p>\n<\/div><\/section><\/div>\n<div  class='flex_column av-av_one_full-2a9015ff38129c418a3f2eafba3e9512 av_one_full  avia-builder-el-13  el_after_av_one_third  avia-builder-el-last  first flex_column_div  column-top-margin'     ><p>\n<style type=\"text\/css\" data-created_by=\"avia_inline_auto\" id=\"style-css-av-av_hr-4ebc6ff4f1d8d9625d2918451b77188c\">\n#top .hr.av-av_hr-4ebc6ff4f1d8d9625d2918451b77188c{\nmargin-top:5px;\nmargin-bottom:5px;\n}\n.hr.av-av_hr-4ebc6ff4f1d8d9625d2918451b77188c .hr-inner{\nwidth:100%;\nborder-color:#aaaaaa;\n}\n<\/style>\n<div  class='hr av-av_hr-4ebc6ff4f1d8d9625d2918451b77188c hr-custom  avia-builder-el-14  el_before_av_video  avia-builder-el-first  hr-center hr-icon-no'><span class='hr-inner inner-border-av-border-thin'><span class=\"hr-inner-style\"><\/span><\/span><\/div><br \/>\n<div  class='avia-video av-av_video-9eb49cb13360725e9c0bc4c1646b3577 avia-video-16-9 av-no-preview-image avia-video-load-always av-lazyload-immediate av-lazyload-video-embed'  itemprop=\"video\" itemtype=\"https:\/\/schema.org\/VideoObject\"  data-original_url='https:\/\/youtu.be\/L4FWtPgRr5g'><script type='text\/html' class='av-video-tmpl'><div class='avia-iframe-wrap'><iframe loading=\"lazy\" width=\"1500\" height=\"844\" src=\"https:\/\/www.youtube.com\/embed\/L4FWtPgRr5g?feature=oembed&autoplay=0&loop=0&controls=1&mute=0\" frameborder=\"0\" allowfullscreen><\/iframe><\/div><\/script><div class='av-click-to-play-overlay'><div class=\"avia_playpause_icon\"><\/div><\/div><\/div><br \/>\n<section  class='av_textblock_section av-av_textblock-0366cc7376be6c9e82a3e9cc8987b64f '   itemscope=\"itemscope\" itemtype=\"https:\/\/schema.org\/CreativeWork\" ><div class='avia_textblock'  itemprop=\"text\" ><h3><span style=\"color: #000000;\"><strong>Prospects for Youth<\/strong><\/span><\/h3>\n<p style=\"font-size: 13px;\">Filmproduktion im Auftrag der Deutschen Gesellschaft f\u00fcr Internationale Zusammenarbeit (GIZ) in Kooperation mit Gegenschuss Filmproduktion, September 2013. <strong><a href=\"https:\/\/www.youtube.com\/watch?v=Vfoj8bqdGMo&amp;list=FLJLVqXctUDpmTmfMERGm25g\" target=\"_blank\" rel=\"noopener\">Teaser<\/a><\/strong><\/p>\n<\/div><\/section><\/p><\/div>\n","protected":false},"excerpt":{"rendered":"","protected":false},"author":1,"featured_media":0,"parent":0,"menu_order":0,"comment_status":"open","ping_status":"open","template":"","meta":{"footnotes":""},"class_list":["post-19","page","type-page","status-publish","hentry"],"_links":{"self":[{"href":"https:\/\/www.monika-hoegen.com\/de\/wp-json\/wp\/v2\/pages\/19","targetHints":{"allow":["GET"]}}],"collection":[{"href":"https:\/\/www.monika-hoegen.com\/de\/wp-json\/wp\/v2\/pages"}],"about":[{"href":"https:\/\/www.monika-hoegen.com\/de\/wp-json\/wp\/v2\/types\/page"}],"author":[{"embeddable":true,"href":"https:\/\/www.monika-hoegen.com\/de\/wp-json\/wp\/v2\/users\/1"}],"replies":[{"embeddable":true,"href":"https:\/\/www.monika-hoegen.com\/de\/wp-json\/wp\/v2\/comments?post=19"}],"version-history":[{"count":58,"href":"https:\/\/www.monika-hoegen.com\/de\/wp-json\/wp\/v2\/pages\/19\/revisions"}],"predecessor-version":[{"id":1131,"href":"https:\/\/www.monika-hoegen.com\/de\/wp-json\/wp\/v2\/pages\/19\/revisions\/1131"}],"wp:attachment":[{"href":"https:\/\/www.monika-hoegen.com\/de\/wp-json\/wp\/v2\/media?parent=19"}],"curies":[{"name":"wp","href":"https:\/\/api.w.org\/{rel}","templated":true}]}}