{"id":21,"date":"2014-12-12T12:04:39","date_gmt":"2014-12-12T12:04:39","guid":{"rendered":"http:\/\/monika-hoegen.de\/EN\/?page_id=21"},"modified":"2017-02-21T09:14:27","modified_gmt":"2017-02-21T09:14:27","slug":"profil","status":"publish","type":"page","link":"https:\/\/www.monika-hoegen.com\/de\/profil\/","title":{"rendered":"Profil"},"content":{"rendered":"<section  class='av_textblock_section av-av_textblock-0366cc7376be6c9e82a3e9cc8987b64f '   itemscope=\"itemscope\" itemtype=\"https:\/\/schema.org\/CreativeWork\" ><div class='avia_textblock'  itemprop=\"text\" ><h1 style=\"text-align: center;\">\u00dcber mich<\/h1>\n<\/div><\/section>\n<div  class='flex_column av-av_two_third-2a9015ff38129c418a3f2eafba3e9512 av_two_third  avia-builder-el-1  el_after_av_textblock  el_before_av_one_third  first flex_column_div  column-top-margin'     ><style type=\"text\/css\" data-created_by=\"avia_inline_auto\" id=\"style-css-av-av_textblock-fae8699d538200a543ba402659dba9b0\">\n#top .av_textblock_section.av-av_textblock-fae8699d538200a543ba402659dba9b0 .avia_textblock{\nfont-size:16px;\n}\n<\/style>\n<section  class='av_textblock_section av-av_textblock-fae8699d538200a543ba402659dba9b0 '   itemscope=\"itemscope\" itemtype=\"https:\/\/schema.org\/CreativeWork\" ><div class='avia_textblock'  itemprop=\"text\" ><h3><img loading=\"lazy\" decoding=\"async\" class=\"alignleft wp-image-962\" src=\"http:\/\/monika-hoegen.de\/EN\/wp-content\/uploads\/2014\/12\/vita2.jpg\" alt=\"\" width=\"165\" height=\"215\" srcset=\"https:\/\/www.monika-hoegen.com\/de\/wp-content\/uploads\/2014\/12\/vita2.jpg 268w, https:\/\/www.monika-hoegen.com\/de\/wp-content\/uploads\/2014\/12\/vita2-69x90.jpg 69w, https:\/\/www.monika-hoegen.com\/de\/wp-content\/uploads\/2014\/12\/vita2-230x300.jpg 230w\" sizes=\"auto, (max-width: 165px) 100vw, 165px\" \/><\/h3>\n<p>Reisen, erfahren, andere Menschen und Kulturen kennenzulernen und so oft wie m\u00f6glich \u00fcber den eigenen Tellerrand zu schauen, diese Leidenschaft hat mich schon fr\u00fch gepackt. Trotzdem arbeitete ich nach Schule und Studium als Journalistin zun\u00e4chst bei einer Lokalzeitung. Doch auch dort stellte sich schnell heraus, dass das, was zuweilen so weit weg erscheint, durchaus ganz nah sein kann. Die Alltagsberichte und Reportagen aus dem unmittelbaren Umfeld in einem gr\u00f6\u00dferen, politischen und sozialen Zusammenhang zu sehen und dabei den Blick f\u00fcr die ganz pers\u00f6nlichen Lebensgeschichten nicht zu verlieren \u2013 das war von Anfang an meine Intention als Autorin und Redakteurin.<\/p>\n<p>Irgendwann zog es mich dann aber doch in die weite Welt \u2013 und ich wagte den Sprung von der festangestellten, verantwortlichen Redakteurin zur freien und international t\u00e4tigen Journalistin. Die entscheidende Starthilfe dazu gab mir die <strong><a href=\"http:\/\/www.heinz-kuehn-stiftung.de\/\" target=\"_blank\" rel=\"noopener\">Heinz-K\u00fchn-Stiftung<\/a><\/strong> des Landes Nordrhein-Westfalen, die mir ein Recherchestipendium in Vietnam bewilligte. Aus Monaten des Aufenthaltes in einer aufregenden, neuen Kultur und Umgebung wurden Jahre der Faszination f\u00fcr die L\u00e4nder des S\u00fcdens. Au\u00dfer in S\u00fcdostasien recherchierte ich als Print- und Radiojournalistin in zahlreichen anderen Weltgegenden, vor allem in Lateinamerika und Afrika. Der Alltag der Menschen dort, die sozialen und politischen Bedingungen vor Ort bildeten den Kern meiner Reportagen. Entwicklungszusammenarbeit, Armutsbek\u00e4mpfung, Menschenrechte, Welthandel, Fairer Handel und vieles mehr \u2013 ich hatte (m)ein weitgefasstes, spannendes und nicht selten politisch brisantes Themenfeld gefunden.<\/p>\n<p>Neugier, die n\u00f6tige Portion Hartn\u00e4ckigkeit und ein m\u00f6glichst einf\u00fchlsamer zugleich aber auch kritischer Blick auf die Dinge \u2013 mit diesen Wesensz\u00fcgen ausgestattet f\u00fchrte mich mein Weg schon bald zur n\u00e4chsten Leidenschaft: zur professionellen Moderation von Veranstaltungen und Podiumsrunden. Meine Gespr\u00e4chspartner miteinander in einen Dialog zu bringen, der diesen Namen auch verdient und bei komplexen Themen den \u00dcberblick und den Spa\u00df an der Kommunikation nicht zu verlieren, all das liegt mir seit vielen Jahren als Moderatorin am Herzen \u2013 auf zahlreichen kleinen und gro\u00dfen B\u00fchnen dieser Welt; vor lokalem, nationalem wie internationalem Publikum gleicherma\u00dfen.<\/p>\n<p>Ebenso viel Freude bereitet es mir, meine Erfahrungen aus der weiten Welt der Kommunikation zu teilen \u2013 ob als Medientrainerin, Kommunikationsberaterin oder redaktionelle Dienstleisterin f\u00fcr eine breitgef\u00e4cherte Kundenschar. Wenn es dabei heterogen, interkulturell und mehrsprachig zugeht, umso besser! Schlie\u00dflich f\u00fchle ich mich l\u00e4ngst nicht mehr nur in meiner Heimatstadt K\u00f6ln, sondern in zahlreichen Gegenden der Welt wohl und zuhause \u2013 darunter in Br\u00fcssel, wo ich seit 2012 mit einem zweiten B\u00fcrostandort vertreten bin. Und nat\u00fcrlich habe ich von der Hauptstadt Europas aus die politischen und sozialen Entwicklungen auf internationalem Parkett weiter fest im Blick.<\/p>\n<p>Den Blick \u00fcber den Tellerrand zu lenken, Grenzen in den K\u00f6pfen abzubauen und zu zeigen, dass die Sch\u00f6nheit dieser Welt gerade in ihrer Vielfalt liegt \u2013 ich w\u00fcnsche mir, dass meine Arbeit zu all dem ein bisschen beitragen kann. Angesichts so mancher aktueller Entwicklung erscheint es mir heute n\u00f6tiger denn je!<\/p>\n<\/div><\/section><\/div><div  class='flex_column av-av_one_third-5c3bdd854542bbc70d067b1f6b1f9883 av_one_third  avia-builder-el-3  el_after_av_two_third  avia-builder-el-last  flex_column_div  column-top-margin'     ><section  class='av_textblock_section av-av_textblock-0366cc7376be6c9e82a3e9cc8987b64f '   itemscope=\"itemscope\" itemtype=\"https:\/\/schema.org\/CreativeWork\" ><div class='avia_textblock'  itemprop=\"text\" ><h3>Quick Facts<\/h3>\n<\/div><\/section><br \/>\n<section  class='av_textblock_section av-av_textblock-0366cc7376be6c9e82a3e9cc8987b64f '   itemscope=\"itemscope\" itemtype=\"https:\/\/schema.org\/CreativeWork\" ><div class='avia_textblock'  itemprop=\"text\" ><p style=\"font-size: 13px;\">Geboren am 25. August 1963 in K\u00f6ln.<\/p>\n<p style=\"font-size: 13px;\">Studium der Politikwissenschaft, Germanistik und Geschichte in K\u00f6ln und Bonn.<\/p>\n<p style=\"font-size: 13px;\">Freie Mitarbeiterin, Volont\u00e4rin, Redakteurin und stellvertretende Redaktionsleiterin beim \u201eK\u00f6lner Stadt-Anzeiger\u201c zwischen 1986 und 1995.<\/p>\n<p style=\"font-size: 13px;\">Freiberuflich t\u00e4tige Journalistin f\u00fcr Print und H\u00f6rfunk seit 1995. Schwerpunkte: Entwicklungspolitik, Nord-S\u00fcd-Beziehungen, Globalisierung, Welthandel, Fairer Handel, Menschenrechte, Umwelt und Nachhaltigkeit.<\/p>\n<p style=\"font-size: 13px;\">Politische und soziale Reportagen aus Lateinamerika, Asien, Afrika. Ver\u00f6ffentlichungen in Print- und Radiomedien. Weltweite Recherchereisen, unter anderem nach:<\/p>\n<ul>\n<li>\u00a0Kambodscha, Indien, Indonesien, Laos, Myanmar, Singapur, Vietnam.<\/li>\n<li>\u00a0Argentinien, Brasilien, Chile, Guatemala, Kuba, Kolumbien, Nicaragua, Venezuela.<\/li>\n<li>\u00a0\u00c4thiopien, Ghana, Liberia, Uganda, S\u00fcdafrika.<\/li>\n<li>\u00a0Afghanistan, Kirgisistan, Tadschikistan.<\/li>\n<\/ul>\n<p style=\"font-size: 13px;\">Seit 2003 zudem t\u00e4tig als Moderatorin, Medientrainerin, PR-Beraterin f\u00fcr nationale und internationale Auftraggeber.<\/p>\n<p style=\"font-size: 13px;\">Seit 2012 mit einem zweiten B\u00fcrostandort in Br\u00fcssel vertreten.<\/p>\n<p style=\"font-size: 13px;\">Seit 2016 Mitglied im Kuratorium Bremer Solidarit\u00e4tspreis.<\/p>\n<p style=\"font-size: 13px;\">Muttersprache: Deutsch<\/p>\n<p style=\"font-size: 13px;\">Fremdsprachen: Englisch, Franz\u00f6sisch, Spanisch.<\/p>\n<\/div><\/section><\/p><\/div><\/p>\n","protected":false},"excerpt":{"rendered":"","protected":false},"author":1,"featured_media":0,"parent":0,"menu_order":0,"comment_status":"open","ping_status":"open","template":"","meta":{"footnotes":""},"class_list":["post-21","page","type-page","status-publish","hentry"],"_links":{"self":[{"href":"https:\/\/www.monika-hoegen.com\/de\/wp-json\/wp\/v2\/pages\/21","targetHints":{"allow":["GET"]}}],"collection":[{"href":"https:\/\/www.monika-hoegen.com\/de\/wp-json\/wp\/v2\/pages"}],"about":[{"href":"https:\/\/www.monika-hoegen.com\/de\/wp-json\/wp\/v2\/types\/page"}],"author":[{"embeddable":true,"href":"https:\/\/www.monika-hoegen.com\/de\/wp-json\/wp\/v2\/users\/1"}],"replies":[{"embeddable":true,"href":"https:\/\/www.monika-hoegen.com\/de\/wp-json\/wp\/v2\/comments?post=21"}],"version-history":[{"count":21,"href":"https:\/\/www.monika-hoegen.com\/de\/wp-json\/wp\/v2\/pages\/21\/revisions"}],"predecessor-version":[{"id":1164,"href":"https:\/\/www.monika-hoegen.com\/de\/wp-json\/wp\/v2\/pages\/21\/revisions\/1164"}],"wp:attachment":[{"href":"https:\/\/www.monika-hoegen.com\/de\/wp-json\/wp\/v2\/media?parent=21"}],"curies":[{"name":"wp","href":"https:\/\/api.w.org\/{rel}","templated":true}]}}