{"id":241,"date":"2015-01-29T11:39:16","date_gmt":"2015-01-29T11:39:16","guid":{"rendered":"http:\/\/monika-hoegen.de\/EN\/?page_id=241"},"modified":"2022-05-19T08:32:44","modified_gmt":"2022-05-19T08:32:44","slug":"home-3","status":"publish","type":"page","link":"https:\/\/www.monika-hoegen.com\/de\/","title":{"rendered":"Start"},"content":{"rendered":"<div id='layer_slider_1'  class='avia-layerslider main_color avia-shadow  avia-builder-el-0  el_before_av_textblock  avia-builder-el-first  container_wrap sidebar_right'  style='height: 381px; max-width: 1000px; margin: 0 auto;'  ><\/div><div id='after_layer_slider_1'  class='main_color av_default_container_wrap container_wrap sidebar_right'  ><div class='container av-section-cont-open' ><div class='template-page content  av-content-small alpha units'><div class='post-entry post-entry-type-page post-entry-241'><div class='entry-content-wrapper clearfix'>\n<section  class='av_textblock_section av-3hqay1-4f0696b5b37cee84c6878bb896a38586 '   itemscope=\"itemscope\" itemtype=\"https:\/\/schema.org\/CreativeWork\" ><div class='avia_textblock'  itemprop=\"text\" ><h2 style=\"text-align: center;\"><span style=\"color: #333333;\">Expertin f\u00fcr internationale Kommunikation<\/span><\/h2>\n<\/div><\/section>\n<div  class='flex_column av-3fmq9l-ea998dd11397ccd9cb03d335dd866d70 av_two_third  avia-builder-el-2  el_after_av_textblock  el_before_av_one_third  first flex_column_div  column-top-margin'     ><style type=\"text\/css\" data-created_by=\"avia_inline_auto\" id=\"style-css-av-36dugx-a314157bada2b63939f20039bccae077\">\n#top .av_textblock_section.av-36dugx-a314157bada2b63939f20039bccae077 .avia_textblock{\nfont-size:16px;\n}\n<\/style>\n<section  class='av_textblock_section av-36dugx-a314157bada2b63939f20039bccae077 '   itemscope=\"itemscope\" itemtype=\"https:\/\/schema.org\/CreativeWork\" ><div class='avia_textblock'  itemprop=\"text\" ><h3><em>Guten Tag! Sch\u00f6n, dass Sie vorbeischauen.<\/em><\/h3>\n<p>Sie wollen also mit mir kommunizieren? Das ist prima, denn Kommunikation ist und bleibt ein wesentlicher Bestandteil, menschlicher, sozialer und \u00f6konomischer Entwicklung.<\/p>\n<p>Gute Kommunikation ist allerdings mehr als das Bef\u00fcllen einer immer gr\u00f6\u00dferen Anzahl von Kommunikationskan\u00e4len. Auf kluge Fragestellungen, gut recherchierte Fakten, verst\u00e4ndlich erkl\u00e4rte Inhalte, zielgerichtete Botschaften und eine klare Sprache kommt es an \u2013 erst recht, wenn es um komplexe, internationale und interkulturelle Zusammenh\u00e4nge mit unterschiedlichen Akteuren geht. Gleichzeitig muss und kann Kommunikation Spa\u00df machen: wenn sie sowohl informativ als auch attraktiv gestaltet ist.<\/p>\n<p>Spezialisiert auf die Themen globale Nachhaltigkeit und Entwicklung, Armutsbek\u00e4mpfung, Migration, Umwelt- Klima- und Naturschutz, Menschenrechte und Unternehmensstandards, Gender und Geschlechtergerechtigkeit, unterst\u00fctze ich Sie als Redaktion, Organisation, Veranstalter, Verband oder Unternehmen bei der Konzeption und Kommunikation Ihrer Projekte, Events, Workshops und Gespr\u00e4chsrunden in diesen Themenbereichen sowie bei der Erstellung und Ver\u00f6ffentlichung von Publikationen. In meinen Medientrainings mache ich Sie auch gerne fit f\u00fcr den Auftritt vor Journalisten. Zudem bin ich weiterhin selbst als Autorin f\u00fcr \u00f6ffentliche und Fach-Medien in diesen Themenfeldern t\u00e4tig.<\/p>\n<p>Mit meiner langen Erfahrung auf internationalem Parkett und in unterschiedlichen L\u00e4ndern und Kontinenten sowie einem festen Standort am EU Hot-Spot Br\u00fcssel sind Ihre grenz\u00fcbergreifenden Kommunikationsanliegen bei mir in besten H\u00e4nden. Ich biete meine Leistungen in mehreren Sprachen an \u2013 und freue mich darauf, mit Ihnen zusammenzuarbeiten.<\/p>\n<p style=\"text-align: left;\"><em>Bis bald also, see you soon, \u00e0 bient\u00f4t y hasta pronto!<\/em><\/p>\n<\/div><\/section><\/div>\n<div  class='flex_column av-323gll-789472e521b16f715525cbfa8b60505d av_one_third  avia-builder-el-4  el_after_av_two_third  el_before_av_one_full  flex_column_div  column-top-margin'     ><section  class='av_textblock_section av-2txrap-f9069299582aba527e1008eb675a3fce '   itemscope=\"itemscope\" itemtype=\"https:\/\/schema.org\/CreativeWork\" ><div class='avia_textblock'  itemprop=\"text\" ><div id=\"news-scroll\">\n<h3 style=\"text-align: left;\">News<!--3--><\/h3>\n<\/div>\n<\/div><\/section><br \/>\n\n<style type=\"text\/css\" data-created_by=\"avia_inline_auto\" id=\"style-css-av-2rhr35-259dbd7fd0cd1952d8f3cdb7603aa3dd\">\n#top .hr.av-2rhr35-259dbd7fd0cd1952d8f3cdb7603aa3dd{\nmargin-top:5px;\nmargin-bottom:5px;\n}\n.hr.av-2rhr35-259dbd7fd0cd1952d8f3cdb7603aa3dd .hr-inner{\nwidth:100%;\nborder-color:#adadad;\n}\n<\/style>\n<div  class='hr av-2rhr35-259dbd7fd0cd1952d8f3cdb7603aa3dd hr-custom  avia-builder-el-6  el_after_av_textblock  el_before_av_blog  hr-center hr-icon-no'><span class='hr-inner inner-border-av-border-thin'><span class=\"hr-inner-style\"><\/span><\/span><\/div><br \/>\n<div  data-slideshow-options=\"{&quot;animation&quot;:&quot;fade&quot;,&quot;autoplay&quot;:false,&quot;loop_autoplay&quot;:&quot;once&quot;,&quot;interval&quot;:5,&quot;loop_manual&quot;:&quot;manual-endless&quot;,&quot;autoplay_stopper&quot;:false,&quot;noNavigation&quot;:false,&quot;show_slide_delay&quot;:90}\" class='avia-content-slider avia-content-grid-active avia-content-slider1 avia-content-slider-odd  avia-builder-el-7  el_after_av_hr  avia-builder-el-last  av-slideshow-ui av-control-default   av-no-slider-navigation av-slideshow-manual av-loop-once av-loop-manual-endless '  itemscope=\"itemscope\" itemtype=\"https:\/\/schema.org\/Blog\" ><div class=\"avia-content-slider-inner\"><div class=\"slide-entry-wrap\"><article class='slide-entry flex_column  post-entry post-entry-1252 slide-entry-overview slide-loop-1 slide-parity-odd  av_fullwidth first real-thumbnail posttype-post post-format-standard'  itemscope=\"itemscope\" itemtype=\"https:\/\/schema.org\/CreativeWork\" ><a href='https:\/\/www.monika-hoegen.com\/de\/musik-in-afrika-brummender-motor-fuer-entwicklung\/' data-rel='slide-1' class='slide-image' title='Musik in Afrika &#8211; brummender Motor f\u00fcr Entwicklung'><img decoding=\"async\" width=\"1030\" height=\"464\" src=\"https:\/\/www.monika-hoegen.com\/de\/wp-content\/uploads\/2023\/12\/20231109_204829-1030x464.jpg\" class=\"wp-image-1254 avia-img-lazy-loading-not-1254 attachment-large size-large wp-post-image\" alt=\"\" srcset=\"https:\/\/www.monika-hoegen.com\/de\/wp-content\/uploads\/2023\/12\/20231109_204829-1030x464.jpg 1030w, https:\/\/www.monika-hoegen.com\/de\/wp-content\/uploads\/2023\/12\/20231109_204829-300x135.jpg 300w, https:\/\/www.monika-hoegen.com\/de\/wp-content\/uploads\/2023\/12\/20231109_204829-80x36.jpg 80w, https:\/\/www.monika-hoegen.com\/de\/wp-content\/uploads\/2023\/12\/20231109_204829-768x346.jpg 768w, https:\/\/www.monika-hoegen.com\/de\/wp-content\/uploads\/2023\/12\/20231109_204829-1536x692.jpg 1536w, https:\/\/www.monika-hoegen.com\/de\/wp-content\/uploads\/2023\/12\/20231109_204829-2048x923.jpg 2048w, https:\/\/www.monika-hoegen.com\/de\/wp-content\/uploads\/2023\/12\/20231109_204829-1500x676.jpg 1500w, https:\/\/www.monika-hoegen.com\/de\/wp-content\/uploads\/2023\/12\/20231109_204829-705x318.jpg 705w\" sizes=\"(max-width: 1030px) 100vw, 1030px\" \/><\/a><div class=\"slide-content\"><header class=\"entry-content-header\"><h3 class='slide-entry-title entry-title '  itemprop=\"headline\" ><a href='https:\/\/www.monika-hoegen.com\/de\/musik-in-afrika-brummender-motor-fuer-entwicklung\/' title='Musik in Afrika &#8211; brummender Motor f\u00fcr Entwicklung'>Musik in Afrika &#8211; brummender Motor f\u00fcr Entwicklung<\/a><\/h3><span class=\"av-vertical-delimiter\"><\/span><\/header><\/div><footer class=\"entry-footer\"><\/footer><span class='hidden'>\n\t\t\t\t<span class='av-structured-data'  itemprop=\"image\" itemscope=\"itemscope\" itemtype=\"https:\/\/schema.org\/ImageObject\" >\n\t\t\t\t\t\t<span itemprop='url'>https:\/\/www.monika-hoegen.com\/de\/wp-content\/uploads\/2023\/12\/20231109_204829-scaled.jpg<\/span>\n\t\t\t\t\t\t<span itemprop='height'>1154<\/span>\n\t\t\t\t\t\t<span itemprop='width'>2560<\/span>\n\t\t\t\t<\/span>\n\t\t\t\t<span class='av-structured-data'  itemprop=\"publisher\" itemtype=\"https:\/\/schema.org\/Organization\" itemscope=\"itemscope\" >\n\t\t\t\t\t\t<span itemprop='name'>jK-738bSH8<\/span>\n\t\t\t\t\t\t<span itemprop='logo' itemscope itemtype='https:\/\/schema.org\/ImageObject'>\n\t\t\t\t\t\t\t<span itemprop='url'>https:\/\/www.monika-hoegen.com\/de\/wp-content\/uploads\/2015\/01\/mhLogoWeb.png<\/span>\n\t\t\t\t\t\t<\/span>\n\t\t\t\t<\/span><span class='av-structured-data'  itemprop=\"author\" itemscope=\"itemscope\" itemtype=\"https:\/\/schema.org\/Person\" ><span itemprop='name'>jK-738bSH8<\/span><\/span><span class='av-structured-data'  itemprop=\"datePublished\" datetime=\"2015-01-29T11:39:16+00:00\" >2023-12-11 12:57:10<\/span><span class='av-structured-data'  itemprop=\"dateModified\" itemtype=\"https:\/\/schema.org\/dateModified\" >2023-12-11 13:02:38<\/span><span class='av-structured-data'  itemprop=\"mainEntityOfPage\" itemtype=\"https:\/\/schema.org\/mainEntityOfPage\" ><span itemprop='name'>Musik in Afrika &#8211; brummender Motor f\u00fcr Entwicklung<\/span><\/span><\/span><\/article><\/div><div class=\"slide-entry-wrap\"><article class='slide-entry flex_column  post-entry post-entry-1212 slide-entry-overview slide-loop-2 slide-parity-odd  av_fullwidth first real-thumbnail posttype-post post-format-standard'  itemscope=\"itemscope\" itemtype=\"https:\/\/schema.org\/CreativeWork\" ><a href='https:\/\/www.monika-hoegen.com\/de\/von-der-krise-zur-chance-senior-digital-ist-das-neue-normal\/' data-rel='slide-1' class='slide-image' title='Von der Krise zur Chance &#8211; Senior Digital ist das neue normal'><img decoding=\"async\" width=\"1030\" height=\"773\" src=\"https:\/\/www.monika-hoegen.com\/de\/wp-content\/uploads\/2021\/08\/Monika-and-Clare-1030x773.jpg\" class=\"wp-image-1216 avia-img-lazy-loading-not-1216 attachment-large size-large wp-post-image\" alt=\"\" srcset=\"https:\/\/www.monika-hoegen.com\/de\/wp-content\/uploads\/2021\/08\/Monika-and-Clare-1030x773.jpg 1030w, https:\/\/www.monika-hoegen.com\/de\/wp-content\/uploads\/2021\/08\/Monika-and-Clare-80x60.jpg 80w, https:\/\/www.monika-hoegen.com\/de\/wp-content\/uploads\/2021\/08\/Monika-and-Clare-300x225.jpg 300w, https:\/\/www.monika-hoegen.com\/de\/wp-content\/uploads\/2021\/08\/Monika-and-Clare-768x576.jpg 768w, https:\/\/www.monika-hoegen.com\/de\/wp-content\/uploads\/2021\/08\/Monika-and-Clare-1500x1125.jpg 1500w, https:\/\/www.monika-hoegen.com\/de\/wp-content\/uploads\/2021\/08\/Monika-and-Clare-705x529.jpg 705w, https:\/\/www.monika-hoegen.com\/de\/wp-content\/uploads\/2021\/08\/Monika-and-Clare-450x338.jpg 450w\" sizes=\"(max-width: 1030px) 100vw, 1030px\" \/><\/a><div class=\"slide-content\"><header class=\"entry-content-header\"><h3 class='slide-entry-title entry-title '  itemprop=\"headline\" ><a href='https:\/\/www.monika-hoegen.com\/de\/von-der-krise-zur-chance-senior-digital-ist-das-neue-normal\/' title='Von der Krise zur Chance &#8211; Senior Digital ist das neue normal'>Von der Krise zur Chance &#8211; Senior Digital ist das neue normal<\/a><\/h3><span class=\"av-vertical-delimiter\"><\/span><\/header><\/div><footer class=\"entry-footer\"><\/footer><span class='hidden'>\n\t\t\t\t<span class='av-structured-data'  itemprop=\"image\" itemscope=\"itemscope\" itemtype=\"https:\/\/schema.org\/ImageObject\" >\n\t\t\t\t\t\t<span itemprop='url'>https:\/\/www.monika-hoegen.com\/de\/wp-content\/uploads\/2021\/08\/Monika-and-Clare.jpg<\/span>\n\t\t\t\t\t\t<span itemprop='height'>3024<\/span>\n\t\t\t\t\t\t<span itemprop='width'>4032<\/span>\n\t\t\t\t<\/span>\n\t\t\t\t<span class='av-structured-data'  itemprop=\"publisher\" itemtype=\"https:\/\/schema.org\/Organization\" itemscope=\"itemscope\" >\n\t\t\t\t\t\t<span itemprop='name'>jK-738bSH8<\/span>\n\t\t\t\t\t\t<span itemprop='logo' itemscope itemtype='https:\/\/schema.org\/ImageObject'>\n\t\t\t\t\t\t\t<span itemprop='url'>https:\/\/www.monika-hoegen.com\/de\/wp-content\/uploads\/2015\/01\/mhLogoWeb.png<\/span>\n\t\t\t\t\t\t<\/span>\n\t\t\t\t<\/span><span class='av-structured-data'  itemprop=\"author\" itemscope=\"itemscope\" itemtype=\"https:\/\/schema.org\/Person\" ><span itemprop='name'>jK-738bSH8<\/span><\/span><span class='av-structured-data'  itemprop=\"datePublished\" datetime=\"2015-01-29T11:39:16+00:00\" >2021-08-12 15:13:42<\/span><span class='av-structured-data'  itemprop=\"dateModified\" itemtype=\"https:\/\/schema.org\/dateModified\" >2021-08-12 15:48:42<\/span><span class='av-structured-data'  itemprop=\"mainEntityOfPage\" itemtype=\"https:\/\/schema.org\/mainEntityOfPage\" ><span itemprop='name'>Von der Krise zur Chance &#8211; Senior Digital ist das neue normal<\/span><\/span><\/span><\/article><\/div><div class=\"slide-entry-wrap\"><article class='slide-entry flex_column  post-entry post-entry-634 slide-entry-overview slide-loop-3 slide-parity-odd  post-entry-last  av_fullwidth first real-thumbnail posttype-post post-format-standard'  itemscope=\"itemscope\" itemtype=\"https:\/\/schema.org\/CreativeWork\" ><a href='https:\/\/www.monika-hoegen.com\/de\/brussels-happy-development-hour-geht-in-die-naechste-runde\/' data-rel='slide-1' class='slide-image' title='Brussels Happy Development Hour geht in die n\u00e4chste Runde'><img decoding=\"async\" width=\"1030\" height=\"515\" src=\"https:\/\/www.monika-hoegen.com\/de\/wp-content\/uploads\/2017\/01\/Brussels-Happy-Development-Hour-1030x515.jpg\" class=\"wp-image-635 avia-img-lazy-loading-not-635 attachment-large size-large wp-post-image\" alt=\"\" srcset=\"https:\/\/www.monika-hoegen.com\/de\/wp-content\/uploads\/2017\/01\/Brussels-Happy-Development-Hour-1030x515.jpg 1030w, https:\/\/www.monika-hoegen.com\/de\/wp-content\/uploads\/2017\/01\/Brussels-Happy-Development-Hour-180x90.jpg 180w, https:\/\/www.monika-hoegen.com\/de\/wp-content\/uploads\/2017\/01\/Brussels-Happy-Development-Hour-300x150.jpg 300w, https:\/\/www.monika-hoegen.com\/de\/wp-content\/uploads\/2017\/01\/Brussels-Happy-Development-Hour-768x384.jpg 768w, https:\/\/www.monika-hoegen.com\/de\/wp-content\/uploads\/2017\/01\/Brussels-Happy-Development-Hour-705x353.jpg 705w, https:\/\/www.monika-hoegen.com\/de\/wp-content\/uploads\/2017\/01\/Brussels-Happy-Development-Hour-450x225.jpg 450w, https:\/\/www.monika-hoegen.com\/de\/wp-content\/uploads\/2017\/01\/Brussels-Happy-Development-Hour.jpg 1200w\" sizes=\"(max-width: 1030px) 100vw, 1030px\" \/><\/a><div class=\"slide-content\"><header class=\"entry-content-header\"><h3 class='slide-entry-title entry-title '  itemprop=\"headline\" ><a href='https:\/\/www.monika-hoegen.com\/de\/brussels-happy-development-hour-geht-in-die-naechste-runde\/' title='Brussels Happy Development Hour geht in die n\u00e4chste Runde'>Brussels Happy Development Hour geht in die n\u00e4chste Runde<\/a><\/h3><span class=\"av-vertical-delimiter\"><\/span><\/header><\/div><footer class=\"entry-footer\"><\/footer><span class='hidden'>\n\t\t\t\t<span class='av-structured-data'  itemprop=\"image\" itemscope=\"itemscope\" itemtype=\"https:\/\/schema.org\/ImageObject\" >\n\t\t\t\t\t\t<span itemprop='url'>https:\/\/www.monika-hoegen.com\/de\/wp-content\/uploads\/2017\/01\/Brussels-Happy-Development-Hour.jpg<\/span>\n\t\t\t\t\t\t<span itemprop='height'>600<\/span>\n\t\t\t\t\t\t<span itemprop='width'>1200<\/span>\n\t\t\t\t<\/span>\n\t\t\t\t<span class='av-structured-data'  itemprop=\"publisher\" itemtype=\"https:\/\/schema.org\/Organization\" itemscope=\"itemscope\" >\n\t\t\t\t\t\t<span itemprop='name'>jK-738bSH8<\/span>\n\t\t\t\t\t\t<span itemprop='logo' itemscope itemtype='https:\/\/schema.org\/ImageObject'>\n\t\t\t\t\t\t\t<span itemprop='url'>https:\/\/www.monika-hoegen.com\/de\/wp-content\/uploads\/2015\/01\/mhLogoWeb.png<\/span>\n\t\t\t\t\t\t<\/span>\n\t\t\t\t<\/span><span class='av-structured-data'  itemprop=\"author\" itemscope=\"itemscope\" itemtype=\"https:\/\/schema.org\/Person\" ><span itemprop='name'>jK-738bSH8<\/span><\/span><span class='av-structured-data'  itemprop=\"datePublished\" datetime=\"2015-01-29T11:39:16+00:00\" >2017-02-12 17:16:56<\/span><span class='av-structured-data'  itemprop=\"dateModified\" itemtype=\"https:\/\/schema.org\/dateModified\" >2017-02-16 12:15:35<\/span><span class='av-structured-data'  itemprop=\"mainEntityOfPage\" itemtype=\"https:\/\/schema.org\/mainEntityOfPage\" ><span itemprop='name'>Brussels Happy Development Hour geht in die n\u00e4chste Runde<\/span><\/span><\/span><\/article><\/div><\/div><\/div><\/p><\/div>\n<div  class='flex_column av-2gaf0x-674fd1bcef52d89319f6ab500a38efbc av_one_full  avia-builder-el-8  el_after_av_one_third  el_before_av_one_third  first flex_column_div  column-top-margin'     ><section  class='av_textblock_section av-2as8rl-cc450f651fcacd96ee741143e4f87e70 '   itemscope=\"itemscope\" itemtype=\"https:\/\/schema.org\/CreativeWork\" ><div class='avia_textblock'  itemprop=\"text\" ><div id=\"kostproben-scroll\">\n<h2 style=\"text-align: center;\">Kostproben<\/h2>\n<\/div>\n<\/div><\/section><br \/>\n\n<style type=\"text\/css\" data-created_by=\"avia_inline_auto\" id=\"style-css-av-233h15-8b1f93fd2c756bbb17d3180935220c30\">\n#top .hr.av-233h15-8b1f93fd2c756bbb17d3180935220c30{\nmargin-top:5px;\nmargin-bottom:5px;\n}\n.hr.av-233h15-8b1f93fd2c756bbb17d3180935220c30 .hr-inner{\nwidth:100%;\nborder-color:#adadad;\n}\n<\/style>\n<div  class='hr av-233h15-8b1f93fd2c756bbb17d3180935220c30 hr-custom  avia-builder-el-10  el_after_av_textblock  avia-builder-el-last  hr-center hr-icon-no'><span class='hr-inner inner-border-av-border-thin'><span class=\"hr-inner-style\"><\/span><\/span><\/div><\/p><\/div>\n<div  class='flex_column av-1x2ztl-40c05e9835817ccd4bcca14d934092bd av_one_third  avia-builder-el-11  el_after_av_one_full  el_before_av_one_third  first flex_column_div  column-top-margin'     ><p><div  class='avia-video av-1q669d-768ec72e59fb0ac34b2036d4d9024997 avia-video-16-9 av-no-preview-image avia-video-load-always av-lazyload-immediate av-lazyload-video-embed'  itemprop=\"video\" itemtype=\"https:\/\/schema.org\/VideoObject\"  data-original_url='https:\/\/youtu.be\/I1y45OLX2yo'><script type='text\/html' class='av-video-tmpl'><div class='avia-iframe-wrap'><iframe loading=\"lazy\" title=\"Fit for Purpose? The United Nations&#039; role in the future we want\" width=\"1500\" height=\"844\" src=\"https:\/\/www.youtube.com\/embed\/I1y45OLX2yo?feature=oembed&autoplay=0&loop=0&controls=1&mute=0\" frameborder=\"0\" allow=\"accelerometer; autoplay; clipboard-write; encrypted-media; gyroscope; picture-in-picture; web-share\" allowfullscreen><\/iframe><\/div><\/script><div class='av-click-to-play-overlay'><div class=\"avia_playpause_icon\"><\/div><\/div><\/div><br \/>\n\n<style type=\"text\/css\" data-created_by=\"avia_inline_auto\" id=\"style-css-av-1lb30p-e075794259f2843094541ce946a033c6\">\n#top .av_textblock_section.av-1lb30p-e075794259f2843094541ce946a033c6 .avia_textblock{\nfont-size:10px;\n}\n<\/style>\n<section  class='av_textblock_section av-1lb30p-e075794259f2843094541ce946a033c6 '   itemscope=\"itemscope\" itemtype=\"https:\/\/schema.org\/CreativeWork\" ><div class='avia_textblock'  itemprop=\"text\" ><h6><span style=\"color: #000000;\"><strong> The UN at 70&#8217;s \u2013 Fit for purpose?<\/strong><\/span><\/h6>\n<p style=\"font-size: 13px;\">Moderation der Abschlussveranstaltung, organisiert vom Deutschen Institut fu\u0308r Entwicklungspolitik (DIE), Forum Internationale Wissenschaft (fiw) und dem Liason Office Internationale Wissenschaft Bonn. 5. November 2015.<\/p>\n<\/div><\/section><br \/>\n\n<style type=\"text\/css\" data-created_by=\"avia_inline_auto\" id=\"style-css-av-1fm2m9-6416215fa2e40aec1d28f0d42a3da051\">\n#top .hr.av-1fm2m9-6416215fa2e40aec1d28f0d42a3da051{\nmargin-top:5px;\nmargin-bottom:5px;\n}\n.hr.av-1fm2m9-6416215fa2e40aec1d28f0d42a3da051 .hr-inner{\nwidth:100%;\nborder-color:#d1d1d1;\n}\n<\/style>\n<div  class='hr av-1fm2m9-6416215fa2e40aec1d28f0d42a3da051 hr-custom  avia-builder-el-14  el_after_av_textblock  avia-builder-el-last  hr-center hr-icon-no'><span class='hr-inner inner-border-av-border-thin'><span class=\"hr-inner-style\"><\/span><\/span><\/div><\/p><\/div><div  class='flex_column av-1a0n2p-698792610c819e9bd3921f38b28f9bac av_one_third  avia-builder-el-15  el_after_av_one_third  el_before_av_one_third  flex_column_div  column-top-margin'     ><p><div  class='avia-video av-13xjq9-e79482b5f83282b5ae9fa7f5dce15062 avia-video-16-9 av-no-preview-image avia-video-load-always av-lazyload-immediate av-lazyload-video-embed'  itemprop=\"video\" itemtype=\"https:\/\/schema.org\/VideoObject\"  data-original_url='https:\/\/youtu.be\/L4FWtPgRr5g'><script type='text\/html' class='av-video-tmpl'><div class='avia-iframe-wrap'><iframe loading=\"lazy\" title=\"Prospects for youth-Kyrgyzstan\" width=\"1500\" height=\"844\" src=\"https:\/\/www.youtube.com\/embed\/L4FWtPgRr5g?feature=oembed&autoplay=0&loop=0&controls=1&mute=0\" frameborder=\"0\" allow=\"accelerometer; autoplay; clipboard-write; encrypted-media; gyroscope; picture-in-picture; web-share\" allowfullscreen><\/iframe><\/div><\/script><div class='av-click-to-play-overlay'><div class=\"avia_playpause_icon\"><\/div><\/div><\/div><br \/>\n\n<style type=\"text\/css\" data-created_by=\"avia_inline_auto\" id=\"style-css-av-xvs81-1f93b86c2e448d1bdfbb41c966bdfb52\">\n#top .av_textblock_section.av-xvs81-1f93b86c2e448d1bdfbb41c966bdfb52 .avia_textblock{\nfont-size:10px;\n}\n<\/style>\n<section  class='av_textblock_section av-xvs81-1f93b86c2e448d1bdfbb41c966bdfb52 '   itemscope=\"itemscope\" itemtype=\"https:\/\/schema.org\/CreativeWork\" ><div class='avia_textblock'  itemprop=\"text\" ><h6><span style=\"color: #000000;\"><strong>Prospects for Youth<\/strong><\/span><\/h6>\n<p style=\"font-size: 13px;\">Filmproduktion im Auftrag der Deutschen Gesellschaft f\u00fcr Internationale Zusammenarbeit (GIZ) in Kooperation mit Gegenschuss Filmproduktion, September 2013. <strong><a href=\"https:\/\/www.youtube.com\/watch?v=L4FWtPgRr5g\" target=\"_blank\" rel=\"noopener\">Teaser<\/a><\/strong><\/p>\n<\/div><\/section><br \/>\n\n<style type=\"text\/css\" data-created_by=\"avia_inline_auto\" id=\"style-css-av-qtnax-df2803d66c4f1001cf84ebfe7de4b74a\">\n#top .hr.av-qtnax-df2803d66c4f1001cf84ebfe7de4b74a{\nmargin-top:5px;\nmargin-bottom:5px;\n}\n.hr.av-qtnax-df2803d66c4f1001cf84ebfe7de4b74a .hr-inner{\nwidth:100%;\nborder-color:#cccccc;\n}\n<\/style>\n<div  class='hr av-qtnax-df2803d66c4f1001cf84ebfe7de4b74a hr-custom  avia-builder-el-18  el_after_av_textblock  avia-builder-el-last  hr-center hr-icon-no'><span class='hr-inner inner-border-av-border-thin'><span class=\"hr-inner-style\"><\/span><\/span><\/div><\/p><\/div><\/p>\n<div  class='flex_column av-293xt-b20b2e11eb24d198c872da8ba7c17d86 av_one_third  avia-builder-el-19  el_after_av_one_third  avia-builder-el-last  flex_column_div  column-top-margin'     ><p>\n<style type=\"text\/css\" data-created_by=\"avia_inline_auto\" id=\"style-css-av-d3xdt-b6d202de13a6c773dc1538ac641f3d00\">\n#top .av_textblock_section.av-d3xdt-b6d202de13a6c773dc1538ac641f3d00 .avia_textblock{\nfont-size:10px;\n}\n<\/style>\n<section  class='av_textblock_section av-d3xdt-b6d202de13a6c773dc1538ac641f3d00 '   itemscope=\"itemscope\" itemtype=\"https:\/\/schema.org\/CreativeWork\" ><div class='avia_textblock'  itemprop=\"text\" ><p><img loading=\"lazy\" decoding=\"async\" class=\"alignnone wp-image-985 size-full\" src=\"https:\/\/www.monika-hoegen.com\/BETA\/wp-content\/uploads\/2015\/01\/Dialog-Global--e1487007389763.png\" width=\"265\" height=\"132\" srcset=\"https:\/\/www.monika-hoegen.com\/de\/wp-content\/uploads\/2015\/01\/Dialog-Global--e1487007389763.png 265w, https:\/\/www.monika-hoegen.com\/de\/wp-content\/uploads\/2015\/01\/Dialog-Global--e1487007389763-180x90.png 180w\" sizes=\"auto, (max-width: 265px) 100vw, 265px\" \/><\/p>\n<h6><span style=\"color: #000000;\"><strong>Dialog Global \u2013 2030 vor der Haust\u00fcr<\/strong><\/span><\/h6>\n<p style=\"font-size: 13px;\">Kommunen, Fairer Handel und die UN-Nachhaltigkeitsziele. Konzept und Text der Brosch\u00fcre f\u00fcr Engagement Global, Bonn, Januar 2017. <a href=\"https:\/\/www.monika-hoegen.com\/BETA\/wp-content\/uploads\/2022\/05\/DialogGlobal-44-bf.pdf\" target=\"_blank\" rel=\"noopener\"><strong>Mehr<\/strong><\/a><\/p>\n<\/div><\/section><br \/>\n\n<style type=\"text\/css\" data-created_by=\"avia_inline_auto\" id=\"style-css-av-adagh-1d5ba76a2a937b6f82fcd289f21d04c8\">\n#top .hr.av-adagh-1d5ba76a2a937b6f82fcd289f21d04c8{\nmargin-top:5px;\nmargin-bottom:5px;\n}\n.hr.av-adagh-1d5ba76a2a937b6f82fcd289f21d04c8 .hr-inner{\nwidth:100%;\nborder-color:#cccccc;\n}\n<\/style>\n<div  class='hr av-adagh-1d5ba76a2a937b6f82fcd289f21d04c8 hr-custom  avia-builder-el-21  el_after_av_textblock  avia-builder-el-last  hr-center hr-icon-no'><span class='hr-inner inner-border-av-border-thin'><span class=\"hr-inner-style\"><\/span><\/span><\/div><\/p><\/div>\n","protected":false},"excerpt":{"rendered":"","protected":false},"author":1,"featured_media":0,"parent":0,"menu_order":0,"comment_status":"open","ping_status":"open","template":"","meta":{"footnotes":""},"class_list":["post-241","page","type-page","status-publish","hentry"],"_links":{"self":[{"href":"https:\/\/www.monika-hoegen.com\/de\/wp-json\/wp\/v2\/pages\/241","targetHints":{"allow":["GET"]}}],"collection":[{"href":"https:\/\/www.monika-hoegen.com\/de\/wp-json\/wp\/v2\/pages"}],"about":[{"href":"https:\/\/www.monika-hoegen.com\/de\/wp-json\/wp\/v2\/types\/page"}],"author":[{"embeddable":true,"href":"https:\/\/www.monika-hoegen.com\/de\/wp-json\/wp\/v2\/users\/1"}],"replies":[{"embeddable":true,"href":"https:\/\/www.monika-hoegen.com\/de\/wp-json\/wp\/v2\/comments?post=241"}],"version-history":[{"count":188,"href":"https:\/\/www.monika-hoegen.com\/de\/wp-json\/wp\/v2\/pages\/241\/revisions"}],"predecessor-version":[{"id":1229,"href":"https:\/\/www.monika-hoegen.com\/de\/wp-json\/wp\/v2\/pages\/241\/revisions\/1229"}],"wp:attachment":[{"href":"https:\/\/www.monika-hoegen.com\/de\/wp-json\/wp\/v2\/media?parent=241"}],"curies":[{"name":"wp","href":"https:\/\/api.w.org\/{rel}","templated":true}]}}