{"id":430,"date":"2016-04-26T08:21:03","date_gmt":"2016-04-26T08:21:03","guid":{"rendered":"http:\/\/monika-hoegen.de\/EN\/?page_id=430"},"modified":"2017-02-20T08:44:40","modified_gmt":"2017-02-20T08:44:40","slug":"referenzen","status":"publish","type":"page","link":"https:\/\/www.monika-hoegen.com\/de\/referenzen\/","title":{"rendered":"Referenzen"},"content":{"rendered":"<div  class='flex_column av-av_one_full-2a9015ff38129c418a3f2eafba3e9512 av_one_full  avia-builder-el-0  avia-builder-el-no-sibling  first flex_column_div  '     ><p>\n<style type=\"text\/css\" data-created_by=\"avia_inline_auto\" id=\"style-css-av-av_hr-d5a820a9b19518dcf1e7712d53ecd9f1\">\n#top .hr.av-av_hr-d5a820a9b19518dcf1e7712d53ecd9f1{\nmargin-top:5px;\nmargin-bottom:5px;\n}\n.hr.av-av_hr-d5a820a9b19518dcf1e7712d53ecd9f1 .hr-inner{\nwidth:50px;\n}\n<\/style>\n<div  class='hr av-av_hr-d5a820a9b19518dcf1e7712d53ecd9f1 hr-custom  avia-builder-el-1  el_before_av_textblock  avia-builder-el-first  hr-center hr-icon-no'><span class='hr-inner inner-border-av-border-none'><span class=\"hr-inner-style\"><\/span><\/span><\/div><br \/>\n<section  class='av_textblock_section av-av_textblock-0366cc7376be6c9e82a3e9cc8987b64f '   itemscope=\"itemscope\" itemtype=\"https:\/\/schema.org\/CreativeWork\" ><div class='avia_textblock'  itemprop=\"text\" ><h1 style=\"text-align: center;\">Kunden-Feedback<\/h1>\n<\/div><\/section><br \/>\n\n<style type=\"text\/css\" data-created_by=\"avia_inline_auto\" id=\"style-css-av-av_hr-d5a820a9b19518dcf1e7712d53ecd9f1\">\n#top .hr.av-av_hr-d5a820a9b19518dcf1e7712d53ecd9f1{\nmargin-top:5px;\nmargin-bottom:5px;\n}\n.hr.av-av_hr-d5a820a9b19518dcf1e7712d53ecd9f1 .hr-inner{\nwidth:50px;\n}\n<\/style>\n<div  class='hr av-av_hr-d5a820a9b19518dcf1e7712d53ecd9f1 hr-custom  avia-builder-el-3  el_after_av_textblock  el_before_av_textblock  hr-center hr-icon-no'><span class='hr-inner inner-border-av-border-none'><span class=\"hr-inner-style\"><\/span><\/span><\/div><br \/>\n<section  class='av_textblock_section av-av_textblock-0366cc7376be6c9e82a3e9cc8987b64f '   itemscope=\"itemscope\" itemtype=\"https:\/\/schema.org\/CreativeWork\" ><div class='avia_textblock'  itemprop=\"text\" ><h4><em>Sie hatten mit Ihrer souver\u00e4nen Art zu moderieren und Ihrer fachlichen Kompetenz wesentlichen Anteil am Erfolg unseres Niedersachsen Forum \u201ePerspektive Emissionshandel 2021\u201c in der St\u00e4ndigen Vertretung der Bundesrepublik Deutschland in Br\u00fcssel. Ich w\u00fcrde mich freuen, wenn wir auch in Zukunft unsere Zusammenarbeit fortsetzen k\u00f6nnen.<\/em><\/h4>\n<p><strong>Stephan Weil, Nieders\u00e4chsischer Ministerpr\u00e4sident<\/strong><\/p>\n<hr \/>\n<h4><em>Von allen Seiten haben wir durchweg positive R\u00fcckmeldungen erhalten. Herzlichen Dank daf\u00fcr noch einmal an Sie und das Team f\u00fcr die beiden wunderbaren Filme.<\/em><\/h4>\n<p><strong>Sarah Neumann, Prospects for Youth Advisor, Deutsche Gesellschaft f\u00fcr Internationale Zusammenarbeit (GIZ) GmbH, Bischkek, Kirgisistan<\/strong><\/p>\n<hr \/>\n<h4><em>We highly value Ms Hoegen\u2019s professionalism, her expertise in communications and journalism as well as her thorough knowledge of development topics. Her friendly demeanour and intercultural competences have made it very pleasant to work with her.<\/em><\/h4>\n<p><strong>Ulrike Haug, PR Manager Oikocredit<\/strong><\/p>\n<hr \/>\n<h4><em>Vielen Dank f\u00fcr die sehr gelungene Moderation bei den Civil Society Days!<\/em><br \/>\n<em> Wir haben gutes Feedback bekommen, und sind froh, dass wir Sie dabei hatten!<\/em><\/h4>\n<p><strong>Christian Weger, Relations with organised civil society and Forward Studies, European Economic and Social Committee, Brussels<\/strong><\/p>\n<hr \/>\n<h4><em>Monika Hoegen held a key role in the EuropeAid Public Relations Campaign on behalf of the Directorate General for International Cooperation and Development (DEVCO). On the background of her extensive experience in engaging public audiences via the media on debates and causes of development cooperation, she brought crucial know-how to the project design and implementation.<\/em><\/h4>\n<p><strong>Lena Zimmer, Project Manager, Gopa Cartermill, Brussels<\/strong><\/p>\n<hr \/>\n<h4><em>Monika Hoegen works for us as a communication consultant, moderator and editor and supports us in our various communication and visibility strategies, events, workshops and print and web-editorial publications. We appreciate her profound, yet fresh and attractive approach and her ability to transfer complex issues into comprehensible, target-group orientated key messages. <\/em><\/h4>\n<p><strong>J\u00fcrgen Maier, Forum Umwelt und Entwicklung<\/strong><\/p>\n<hr \/>\n<\/div><\/section><\/p><\/div>\n","protected":false},"excerpt":{"rendered":"","protected":false},"author":1,"featured_media":0,"parent":0,"menu_order":0,"comment_status":"closed","ping_status":"closed","template":"","meta":{"footnotes":""},"class_list":["post-430","page","type-page","status-publish","hentry"],"_links":{"self":[{"href":"https:\/\/www.monika-hoegen.com\/de\/wp-json\/wp\/v2\/pages\/430","targetHints":{"allow":["GET"]}}],"collection":[{"href":"https:\/\/www.monika-hoegen.com\/de\/wp-json\/wp\/v2\/pages"}],"about":[{"href":"https:\/\/www.monika-hoegen.com\/de\/wp-json\/wp\/v2\/types\/page"}],"author":[{"embeddable":true,"href":"https:\/\/www.monika-hoegen.com\/de\/wp-json\/wp\/v2\/users\/1"}],"replies":[{"embeddable":true,"href":"https:\/\/www.monika-hoegen.com\/de\/wp-json\/wp\/v2\/comments?post=430"}],"version-history":[{"count":19,"href":"https:\/\/www.monika-hoegen.com\/de\/wp-json\/wp\/v2\/pages\/430\/revisions"}],"predecessor-version":[{"id":1127,"href":"https:\/\/www.monika-hoegen.com\/de\/wp-json\/wp\/v2\/pages\/430\/revisions\/1127"}],"wp:attachment":[{"href":"https:\/\/www.monika-hoegen.com\/de\/wp-json\/wp\/v2\/media?parent=430"}],"curies":[{"name":"wp","href":"https:\/\/api.w.org\/{rel}","templated":true}]}}