{"id":488,"date":"2016-07-28T12:28:27","date_gmt":"2016-07-28T12:28:27","guid":{"rendered":"http:\/\/monika-hoegen.de\/EN\/?page_id=488"},"modified":"2017-02-20T09:40:31","modified_gmt":"2017-02-20T09:40:31","slug":"kommunikationsberatung","status":"publish","type":"page","link":"https:\/\/www.monika-hoegen.com\/de\/kommunikationsberatung\/","title":{"rendered":"Kommunikationsberatung"},"content":{"rendered":"<section  class='av_textblock_section av-av_textblock-0366cc7376be6c9e82a3e9cc8987b64f '   itemscope=\"itemscope\" itemtype=\"https:\/\/schema.org\/CreativeWork\" ><div class='avia_textblock'  itemprop=\"text\" ><h1 style=\"text-align: center;\"><span style=\"color: #661818;\">Kommunikationsberatung<\/span><\/h1>\n<\/div><\/section>\n<div  class='flex_column av-av_one_full-2a9015ff38129c418a3f2eafba3e9512 av_one_full  avia-builder-el-1  el_after_av_textblock  el_before_av_one_full  first flex_column_div  column-top-margin'     ><div  class='avia-slideshow av-av_slideshow-f6c3f17343947a8914841326d0b74e76 avia-slideshow-entry_without_sidebar av_slideshow avia-slide-slider  avia-builder-el-2  avia-builder-el-no-sibling  av-slideshow-ui av-slideshow-autoplay av-loop-endless av-loop-manual-endless av-default-height-applied avia-slideshow-1' data-slideshow-options=\"{&quot;animation&quot;:&quot;slide&quot;,&quot;autoplay&quot;:true,&quot;loop_autoplay&quot;:&quot;endless&quot;,&quot;interval&quot;:5,&quot;loop_manual&quot;:&quot;manual-endless&quot;,&quot;autoplay_stopper&quot;:false,&quot;noNavigation&quot;:false,&quot;bg_slider&quot;:false,&quot;keep_padding&quot;:false,&quot;hoverpause&quot;:false,&quot;show_slide_delay&quot;:0}\"  itemprop=\"image\" itemscope=\"itemscope\" itemtype=\"https:\/\/schema.org\/ImageObject\" ><ul class='avia-slideshow-inner ' style='padding-bottom: 35%;'><li  class='avia-slideshow-slide av-av_slideshow-f6c3f17343947a8914841326d0b74e76__0  slide-1 slide-odd'><div data-rel='slideshow-1' class='avia-slide-wrap '   ><img class=\"wp-image-792 avia-img-lazy-loading-not-792\"  src='https:\/\/www.monika-hoegen.com\/de\/wp-content\/uploads\/2016\/07\/MH-KOMBER.jpg' width='1000' height='350' title='MH-KOMBER' alt=''  itemprop=\"thumbnailUrl\"   \/><\/div><\/li><li  class='avia-slideshow-slide av-av_slideshow-f6c3f17343947a8914841326d0b74e76__1  slide-2 slide-even'><div data-rel='slideshow-1' class='avia-slide-wrap '   ><img class=\"wp-image-791 avia-img-lazy-loading-not-791\"  src='https:\/\/www.monika-hoegen.com\/de\/wp-content\/uploads\/2016\/07\/MH-KOMBER2.jpg' width='1000' height='350' title='MH-KOMBER2' alt=''  itemprop=\"thumbnailUrl\"   \/><\/div><\/li><li  class='avia-slideshow-slide av-av_slideshow-f6c3f17343947a8914841326d0b74e76__2  slide-3 slide-odd'><div data-rel='slideshow-1' class='avia-slide-wrap '   ><img class=\"wp-image-1054 avia-img-lazy-loading-not-1054\"  src='https:\/\/www.monika-hoegen.com\/de\/wp-content\/uploads\/2016\/07\/KOMBER-3.jpg' width='900' height='300' title='KOMBER-3' alt=''  itemprop=\"thumbnailUrl\"   \/><\/div><\/li><\/ul><div class='avia-slideshow-arrows avia-slideshow-controls' ><a href='#prev' class='prev-slide ' aria-hidden='true' data-av_icon='\ue87c' data-av_iconfont='entypo-fontello'  tabindex='-1'>Zur\u00fcck<\/a><a href='#next' class='next-slide ' aria-hidden='true' data-av_icon='\ue87d' data-av_iconfont='entypo-fontello'  tabindex='-1'>Weiter<\/a><\/div><div class='avia-slideshow-dots avia-slideshow-controls'><a href='#1' class='goto-slide active' >1<\/a><a href='#2' class='goto-slide ' >2<\/a><a href='#3' class='goto-slide ' >3<\/a><\/div><\/div><\/div>\n<div  class='flex_column av-av_one_full-2a9015ff38129c418a3f2eafba3e9512 av_one_full  avia-builder-el-3  el_after_av_one_full  el_before_av_one_third  first flex_column_div  column-top-margin'     ><style type=\"text\/css\" data-created_by=\"avia_inline_auto\" id=\"style-css-av-av_textblock-fae8699d538200a543ba402659dba9b0\">\n#top .av_textblock_section.av-av_textblock-fae8699d538200a543ba402659dba9b0 .avia_textblock{\nfont-size:16px;\n}\n<\/style>\n<section  class='av_textblock_section av-av_textblock-fae8699d538200a543ba402659dba9b0 '   itemscope=\"itemscope\" itemtype=\"https:\/\/schema.org\/CreativeWork\" ><div class='avia_textblock'  itemprop=\"text\" ><h2 style=\"text-align: center;\">Consulting und Support aus einem Guss<\/h2>\n<p>Umfangreichere Kommunikationsvorhaben erfordern gr\u00f6\u00dfere Gesamtl\u00f6sungen. Je nach Umfang und Bedarf, unterst\u00fctze ich Sie einzeln oder gemeinsam mit einem Team aus erfahrenen Kollegen und PR-Profis bei der Planung, Konzeptionalisierung und Umsetzung von PR-Projekten, Kampagnen und Events.<\/p>\n<p>Dazu geh\u00f6ren die Entwicklung von Kommunikationsstrategien ebenso wie der Support f\u00fcr Planung, Organisation und Durchf\u00fchrung von Pressekonferenzen, Medienworkshops, Podiumsdiskussionen und anderen \u00f6ffentlichen Veranstaltungen, sowie Konzept, Text, Redaktion und Produktion von multimedialen Produkten.<\/p>\n<p>Besonders heimisch bin ich dabei auf internationalem Parkett, sowohl inhaltlich als auch logistisch. Als Kunde profitieren Sie von meinen beiden B\u00fcrostandorten und der mehrj\u00e4hrigen Pr\u00e4senz in Br\u00fcssel \u2013 mit sehr guter Vernetzung zu relevanten europ\u00e4ischen und internationalen Akteuren vor Ort. Gerne \u00f6ffne ich f\u00fcr Sie und Ihre Kommunikationsvorhaben ein paar T\u00fcren in der Hauptstadt Europas \u2013 und nicht nur dort.<\/p>\n<\/div><\/section><br \/>\n<div  class='hr av-av_hr-dcd2069817a0e3d34ae04cad8f3443c7 hr-default  avia-builder-el-5  el_after_av_textblock  el_before_av_textblock '><span class='hr-inner '><span class=\"hr-inner-style\"><\/span><\/span><\/div><br \/>\n<section  class='av_textblock_section av-av_textblock-0366cc7376be6c9e82a3e9cc8987b64f '   itemscope=\"itemscope\" itemtype=\"https:\/\/schema.org\/CreativeWork\" ><div class='avia_textblock'  itemprop=\"text\" ><h2 style=\"text-align: center;\">Kampagnen und Projekte<\/h2>\n<\/div><\/section><br \/>\n\n<style type=\"text\/css\" data-created_by=\"avia_inline_auto\" id=\"style-css-av-av_hr-aad7c1789f5d45c16c0051fe2b6da368\">\n#top .hr.av-av_hr-aad7c1789f5d45c16c0051fe2b6da368{\nmargin-top:5px;\nmargin-bottom:5px;\n}\n.hr.av-av_hr-aad7c1789f5d45c16c0051fe2b6da368 .hr-inner{\nwidth:100%;\nborder-color:#a8a8a8;\n}\n<\/style>\n<div  class='hr av-av_hr-aad7c1789f5d45c16c0051fe2b6da368 hr-custom  avia-builder-el-7  el_after_av_textblock  avia-builder-el-last  hr-center hr-icon-no'><span class='hr-inner inner-border-av-border-thin'><span class=\"hr-inner-style\"><\/span><\/span><\/div><\/p><\/div>\n<div  class='flex_column av-av_one_third-2a9015ff38129c418a3f2eafba3e9512 av_one_third  avia-builder-el-8  el_after_av_one_full  el_before_av_one_third  first flex_column_div  column-top-margin'     ><section  class='av_textblock_section av-av_textblock-0366cc7376be6c9e82a3e9cc8987b64f '   itemscope=\"itemscope\" itemtype=\"https:\/\/schema.org\/CreativeWork\" ><div class='avia_textblock'  itemprop=\"text\" ><h5><img loading=\"lazy\" decoding=\"async\" class=\"size-full wp-image-967 alignnone\" src=\"http:\/\/monika-hoegen.de\/EN\/wp-content\/uploads\/2016\/07\/giz_komB.jpg\" alt=\"\" width=\"300\" height=\"203\" srcset=\"https:\/\/www.monika-hoegen.com\/de\/wp-content\/uploads\/2016\/07\/giz_komB.jpg 300w, https:\/\/www.monika-hoegen.com\/de\/wp-content\/uploads\/2016\/07\/giz_komB-133x90.jpg 133w\" sizes=\"auto, (max-width: 300px) 100vw, 300px\" \/><\/h5>\n<h5>\u201eInclusive Business Action Network\u201c (IBAN)<\/h5>\n<p style=\"font-size: 13px;\">Weiterentwicklung der Kommunikationsstrategie, Workshop zu \u00d6ffentlichkeitsarbeit und redaktioneller Support, im Auftrag der Deutschen Gesellschaft f\u00fcr Internationale Zusammenarbeit (GIZ), Bonn, August 2016. <a href=\"https:\/\/www.giz.de\/de\/weltweit\/38230.html\"><strong>Mehr<\/strong><\/a><\/p>\n<hr \/>\n<\/div><\/section><\/div>\n<div  class='flex_column av-av_one_third-5c3bdd854542bbc70d067b1f6b1f9883 av_one_third  avia-builder-el-10  el_after_av_one_third  el_before_av_one_third  flex_column_div  column-top-margin'     ><section  class='av_textblock_section av-av_textblock-0366cc7376be6c9e82a3e9cc8987b64f '   itemscope=\"itemscope\" itemtype=\"https:\/\/schema.org\/CreativeWork\" ><div class='avia_textblock'  itemprop=\"text\" ><h5><img loading=\"lazy\" decoding=\"async\" class=\"alignnone wp-image-1021 size-full\" src=\"http:\/\/monika-hoegen.de\/EN\/wp-content\/uploads\/2016\/07\/eyd2-1.png\" width=\"300\" height=\"203\" \/><\/h5>\n<h5>European Year for Development<\/h5>\n<p style=\"font-size: 13px;\">Entwicklung einer Kommunikationsstrategie f\u00fcr das <a href=\"https:\/\/europa.eu\/eyd2015\/de\" target=\"_blank\" rel=\"noopener\">Europ\u00e4ische Jahr der Entwicklung 2015<\/a> \u2013 im Auftrag der Generaldirektion Entwicklung der EU Kommissioner EuropeAid, DG DevCo, und als Teil des Teams von gopa cartermill, Br\u00fcssel. <strong><strong><a href=\"https:\/\/europa.eu\/eyd2015\/de\" target=\"_blank\" rel=\"noopener\"><strong>Mehr<\/strong><\/a><\/strong><\/strong><\/p>\n<hr \/>\n<\/div><\/section><\/div><div  class='flex_column av-av_one_third-5c3bdd854542bbc70d067b1f6b1f9883 av_one_third  avia-builder-el-12  el_after_av_one_third  avia-builder-el-last  flex_column_div  column-top-margin'     ><section  class='av_textblock_section av-av_textblock-0366cc7376be6c9e82a3e9cc8987b64f '   itemscope=\"itemscope\" itemtype=\"https:\/\/schema.org\/CreativeWork\" ><div class='avia_textblock'  itemprop=\"text\" ><h5>Libyan Cloud News Agency \u2013 Brussels Launch<\/h5>\n<p style=\"font-size: 13px;\">Veranstaltungsmanagement und Moderation der Pressekonferenz und Er\u00f6ffnung der innovativen libyschen Nachrichtenagentur <a href=\"https:\/\/www.libyan-cna.net\/en\/\" target=\"_blank\" rel=\"noopener\">\u201eLibyan Cloud News Agency\u201c<\/a>, im Auftrag der Deutsche Welle Akademie, November 2015, Br\u00fcssel.<strong><strong> <a href=\"http:\/\/www.dw.com\/de\/interview-unabh%C3%A4ngige-informationen-f%C3%BCr-libyen\/a-18890254\" target=\"_blank\" rel=\"noopener\"><strong>Mehr<\/strong><\/a><\/strong><\/strong><\/p>\n<hr \/>\n<h5>Bonner Perspektiven \u2013 Ein frischer Blick auf Nachhaltigkeit<\/h5>\n<p style=\"font-size: 13px;\">PR Consulting, Kommunikations- und Pressearbeit, Video- und Audioproduktionen f\u00fcr die Konferenzreihe, organisiert von der Stadt Bonn zusammen mit dem Bundesministerium f\u00fcr wirtschaftliche Zusammenarbeit und Entwicklung, im Auftrag der GIZ, 2012-2013.<strong> <a href=\"https:\/\/www.youtube.com\/user\/BonnPerspectives\" target=\"_blank\" rel=\"noopener\"><strong>Mehr<\/strong><\/a><\/strong><\/p>\n<hr \/>\n<\/div><\/section><\/div><\/p>\n","protected":false},"excerpt":{"rendered":"","protected":false},"author":1,"featured_media":0,"parent":0,"menu_order":0,"comment_status":"closed","ping_status":"closed","template":"","meta":{"footnotes":""},"class_list":["post-488","page","type-page","status-publish","hentry"],"_links":{"self":[{"href":"https:\/\/www.monika-hoegen.com\/de\/wp-json\/wp\/v2\/pages\/488","targetHints":{"allow":["GET"]}}],"collection":[{"href":"https:\/\/www.monika-hoegen.com\/de\/wp-json\/wp\/v2\/pages"}],"about":[{"href":"https:\/\/www.monika-hoegen.com\/de\/wp-json\/wp\/v2\/types\/page"}],"author":[{"embeddable":true,"href":"https:\/\/www.monika-hoegen.com\/de\/wp-json\/wp\/v2\/users\/1"}],"replies":[{"embeddable":true,"href":"https:\/\/www.monika-hoegen.com\/de\/wp-json\/wp\/v2\/comments?post=488"}],"version-history":[{"count":42,"href":"https:\/\/www.monika-hoegen.com\/de\/wp-json\/wp\/v2\/pages\/488\/revisions"}],"predecessor-version":[{"id":1129,"href":"https:\/\/www.monika-hoegen.com\/de\/wp-json\/wp\/v2\/pages\/488\/revisions\/1129"}],"wp:attachment":[{"href":"https:\/\/www.monika-hoegen.com\/de\/wp-json\/wp\/v2\/media?parent=488"}],"curies":[{"name":"wp","href":"https:\/\/api.w.org\/{rel}","templated":true}]}}